{"id":2564,"date":"2023-12-19T12:37:39","date_gmt":"2023-12-19T12:37:39","guid":{"rendered":"https:\/\/www.premiermauritiusholidays.com\/new\/?page_id=2564"},"modified":"2026-01-28T18:57:33","modified_gmt":"2026-01-28T14:57:33","slug":"big-cats-drive-thru-in-mauritius-casela-park","status":"publish","type":"page","link":"https:\/\/www.premiermauritiusholidays.com\/fr\/land-activities-mauritius\/big-cats-drive-thru-in-mauritius-casela-park\/","title":{"rendered":"Visite guid\u00e9e des grands f\u00e9lins \u00e0 l'\u00eele Maurice (Casela Park)"},"content":{"rendered":"\t\t<div data-elementor-type=\"wp-post\" data-elementor-id=\"2564\" class=\"elementor elementor-2564\">\n\t\t\t\t\t\t<section class=\"elementor-section elementor-top-section elementor-element elementor-element-e8bbf02 elementor-section-boxed elementor-section-height-default elementor-section-height-default\" data-id=\"e8bbf02\" data-element_type=\"section\" data-e-type=\"section\" data-settings=\"{&quot;jet_parallax_layout_list&quot;:[{&quot;jet_parallax_layout_image&quot;:{&quot;url&quot;:&quot;&quot;,&quot;id&quot;:&quot;&quot;,&quot;size&quot;:&quot;&quot;},&quot;_id&quot;:&quot;bd29a1e&quot;,&quot;jet_parallax_layout_image_tablet&quot;:{&quot;url&quot;:&quot;&quot;,&quot;id&quot;:&quot;&quot;,&quot;size&quot;:&quot;&quot;},&quot;jet_parallax_layout_image_mobile&quot;:{&quot;url&quot;:&quot;&quot;,&quot;id&quot;:&quot;&quot;,&quot;size&quot;:&quot;&quot;},&quot;jet_parallax_layout_speed&quot;:{&quot;unit&quot;:&quot;%&quot;,&quot;size&quot;:50,&quot;sizes&quot;:[]},&quot;jet_parallax_layout_type&quot;:&quot;scroll&quot;,&quot;jet_parallax_layout_direction&quot;:&quot;1&quot;,&quot;jet_parallax_layout_fx_direction&quot;:null,&quot;jet_parallax_layout_z_index&quot;:&quot;&quot;,&quot;jet_parallax_layout_bg_x&quot;:50,&quot;jet_parallax_layout_bg_x_tablet&quot;:&quot;&quot;,&quot;jet_parallax_layout_bg_x_mobile&quot;:&quot;&quot;,&quot;jet_parallax_layout_bg_y&quot;:50,&quot;jet_parallax_layout_bg_y_tablet&quot;:&quot;&quot;,&quot;jet_parallax_layout_bg_y_mobile&quot;:&quot;&quot;,&quot;jet_parallax_layout_bg_size&quot;:&quot;auto&quot;,&quot;jet_parallax_layout_bg_size_tablet&quot;:&quot;&quot;,&quot;jet_parallax_layout_bg_size_mobile&quot;:&quot;&quot;,&quot;jet_parallax_layout_animation_prop&quot;:&quot;transform&quot;,&quot;jet_parallax_layout_on&quot;:[&quot;desktop&quot;,&quot;tablet&quot;]}]}\">\n\t\t\t\t\t\t<div class=\"elementor-container elementor-column-gap-no\">\n\t\t\t\t\t<div class=\"elementor-column elementor-col-100 elementor-top-column elementor-element elementor-element-a7cad2e\" data-id=\"a7cad2e\" data-element_type=\"column\" data-e-type=\"column\">\n\t\t\t<div class=\"elementor-widget-wrap elementor-element-populated\">\n\t\t\t\t\t\t<div class=\"elementor-element elementor-element-8eca72a elementor-widget elementor-widget-jet-slider\" data-id=\"8eca72a\" data-element_type=\"widget\" data-e-type=\"widget\" data-settings=\"{&quot;slider_height&quot;:{&quot;unit&quot;:&quot;px&quot;,&quot;size&quot;:438,&quot;sizes&quot;:[]},&quot;slider_height_tablet&quot;:{&quot;unit&quot;:&quot;px&quot;,&quot;size&quot;:600,&quot;sizes&quot;:[]},&quot;slider_height_mobile&quot;:{&quot;unit&quot;:&quot;px&quot;,&quot;size&quot;:400,&quot;sizes&quot;:[]}}\" data-widget_type=\"jet-slider.default\">\n\t\t\t\t<div class=\"elementor-widget-container\">\n\t\t\t\t\t<div class=\"elementor-jet-slider jet-elements\">\n<div class=\"jet-slider jet-slider__image-exact\" data-settings='{&quot;sliderWidth&quot;:1,&quot;sliderHeight&quot;:1,&quot;sliderNavigation&quot;:false,&quot;sliderNavigationIcon&quot;:&quot;jet-slider__arrow-icon-8eca72a&quot;,&quot;sliderNaviOnHover&quot;:false,&quot;sliderPagination&quot;:false,&quot;sliderAutoplay&quot;:true,&quot;sliderAutoplayDelay&quot;:5000,&quot;sliderAutoplayOnHover&quot;:&quot;pause&quot;,&quot;sliderFullScreen&quot;:false,&quot;sliderFullscreenIcon&quot;:&quot;jet-slider__fullscreen-icon-8eca72a&quot;,&quot;sliderShuffle&quot;:false,&quot;sliderLoop&quot;:true,&quot;sliderFadeMode&quot;:true,&quot;slideDistance&quot;:1,&quot;slideDuration&quot;:500,&quot;imageScaleMode&quot;:&quot;exact&quot;,&quot;thumbnails&quot;:false,&quot;thumbnailWidth&quot;:120,&quot;thumbnailHeight&quot;:80,&quot;rightToLeft&quot;:false,&quot;touchswipe&quot;:true,&quot;fractionPag&quot;:false,&quot;fractionPrefix&quot;:&quot;&quot;,&quot;fractionSeparator&quot;:&quot;\\\/&quot;,&quot;fractionSuffix&quot;:&quot;&quot;,&quot;autoSliderHeight&quot;:false}'>\n\t\n<div  class=\"slider-pro\">\n\t<div class=\"jet-slider__arrow-icon-8eca72a hidden-html\"><\/div><div class=\"jet-slider__fullscreen-icon-8eca72a hidden-html\"><\/div>\t<div class=\"jet-slider__items sp-slides\">\n\n\n<div  class=\"jet-slider__item sp-slide elementor-repeater-item-91445d0\"><img decoding=\"async\" class=\"sp-image\" src=\"https:\/\/www.premiermauritiusholidays.com\/wp-content\/uploads\/2023\/12\/Big-Cats-Casela.jpg\" alt=\"Big Cats Casela\" loading=\"lazy\"><div class=\"jet-slider__content sp-layer \" data-position=\"centerCenter\" data-width=\"100%\" data-height=\"100%\" data-horizontal=\"0%\" data-show-transition=\"up\" data-show-duration=\"400\" data-show-delay=\"400\" >\n\t\t<div class=\"jet-slider__content-item\">\n\t\t\t<div class=\"jet-slider__content-inner\"> \n\n\t\t\t\t\t\t<div class=\"jet-slider__button-wrapper\">\t\t\t\t\t\t<\/div><\/div>\n\t\t<\/div>\n\t\t\t<\/div>\n<\/div>\n\n<\/div>\n<\/div>\n<\/div>\n<\/div>\t\t\t\t<\/div>\n\t\t\t\t<\/div>\n\t\t\t\t\t<\/div>\n\t\t<\/div>\n\t\t\t\t\t<\/div>\n\t\t<\/section>\n\t\t\t\t<section class=\"elementor-section elementor-top-section elementor-element elementor-element-1734941 elementor-section-boxed elementor-section-height-default elementor-section-height-default\" data-id=\"1734941\" data-element_type=\"section\" data-e-type=\"section\" data-settings=\"{&quot;jet_parallax_layout_list&quot;:[{&quot;jet_parallax_layout_image&quot;:{&quot;url&quot;:&quot;&quot;,&quot;id&quot;:&quot;&quot;,&quot;size&quot;:&quot;&quot;},&quot;_id&quot;:&quot;b0b005b&quot;,&quot;jet_parallax_layout_image_tablet&quot;:{&quot;url&quot;:&quot;&quot;,&quot;id&quot;:&quot;&quot;,&quot;size&quot;:&quot;&quot;},&quot;jet_parallax_layout_image_mobile&quot;:{&quot;url&quot;:&quot;&quot;,&quot;id&quot;:&quot;&quot;,&quot;size&quot;:&quot;&quot;},&quot;jet_parallax_layout_speed&quot;:{&quot;unit&quot;:&quot;%&quot;,&quot;size&quot;:50,&quot;sizes&quot;:[]},&quot;jet_parallax_layout_type&quot;:&quot;scroll&quot;,&quot;jet_parallax_layout_direction&quot;:&quot;1&quot;,&quot;jet_parallax_layout_fx_direction&quot;:null,&quot;jet_parallax_layout_z_index&quot;:&quot;&quot;,&quot;jet_parallax_layout_bg_x&quot;:50,&quot;jet_parallax_layout_bg_x_tablet&quot;:&quot;&quot;,&quot;jet_parallax_layout_bg_x_mobile&quot;:&quot;&quot;,&quot;jet_parallax_layout_bg_y&quot;:50,&quot;jet_parallax_layout_bg_y_tablet&quot;:&quot;&quot;,&quot;jet_parallax_layout_bg_y_mobile&quot;:&quot;&quot;,&quot;jet_parallax_layout_bg_size&quot;:&quot;auto&quot;,&quot;jet_parallax_layout_bg_size_tablet&quot;:&quot;&quot;,&quot;jet_parallax_layout_bg_size_mobile&quot;:&quot;&quot;,&quot;jet_parallax_layout_animation_prop&quot;:&quot;transform&quot;,&quot;jet_parallax_layout_on&quot;:[&quot;desktop&quot;,&quot;tablet&quot;]}]}\">\n\t\t\t\t\t\t<div class=\"elementor-container elementor-column-gap-no\">\n\t\t\t\t\t<div class=\"elementor-column elementor-col-50 elementor-top-column elementor-element elementor-element-7e6fe18\" data-id=\"7e6fe18\" data-element_type=\"column\" data-e-type=\"column\" data-settings=\"{&quot;background_background&quot;:&quot;classic&quot;}\">\n\t\t\t<div class=\"elementor-widget-wrap elementor-element-populated\">\n\t\t\t\t\t\t<div class=\"elementor-element elementor-element-06578a4 elementor-widget elementor-widget-heading\" data-id=\"06578a4\" data-element_type=\"widget\" data-e-type=\"widget\" data-widget_type=\"heading.default\">\n\t\t\t\t<div class=\"elementor-widget-container\">\n\t\t\t\t\t<h1 class=\"elementor-heading-title elementor-size-default\">Big Cats Drive Thru in Mauritius (Casela Park)<\/h1>\t\t\t\t<\/div>\n\t\t\t\t<\/div>\n\t\t\t\t<div class=\"elementor-element elementor-element-54c2c5c elementor-widget elementor-widget-text-editor\" data-id=\"54c2c5c\" data-element_type=\"widget\" data-e-type=\"widget\" data-widget_type=\"text-editor.default\">\n\t\t\t\t<div class=\"elementor-widget-container\">\n\t\t\t\t\t\t\t\t\t<p>&gt; <a href=\"https:\/\/www.premiermauritiusholidays.com\/private-transport-excursions-mauritius\/\">View our private transport offer for excursions in Mauritius<\/a><\/p><p>About the Big Cats Drive Thru at Casela Nature Parks<\/p><p>Join the only Safari Big Cats Drive Thru in Mauritius and meet the lions and tigers at the famous Casela Nature Parks!<\/p><p>Who would have thought that in this tropical paradise, you\u2019d be able to encounter the most recognised members of the Big Cat family? Casela Nature Parks is famous for its big cats, and the Big Cats Drive Thru presents a wonderful opportunity for you to get up close and view the lions and tigers that roam the park.<\/p><p>During this fantastic tour, whilst on-board the Safari vehicle, you will be taken into the Big Cats&#8217; grounds in search of the big cats.<\/p><p>After meeting your driver and guide for the trip, you will board the caged Safari vehicle. As the engine fires up and while the ranger opens the secured gates, you will be able to hear the roars in the far distance.<\/p><p>The first stop is to see the Bengal tigers, with their iconic orange colour and dark stripes. But you\u2019d also be pleasantly surprised to know that Casela is home to one of the rarest species of tiger in the world &#8211; the impressive white tiger. With its creamy white coat and blue-gray eyes, these majestic beasts will leave you in awe.<\/p><p>It won\u2019t be long before you will come close to the most famous big cat: the Lion. Also known as the king of all animals, lions do a lot of sleeping, but if you are lucky, you will see them striding majestically about their terrain or playing around. This is your chance to get some once in a lifetime photographs of these fantastic big cats.<\/p><p>During the activity, the park\u2019s guide will provide interesting information on the big cats, their behavior and habitat while also sharing their own personal experience on working alongside these remarkable animals.<\/p><p>All in all, this Big Cats&#8217; Drive thru promises to deliver a fun, exciting and memorable wildlife experience in Mauritius.<\/p><p>Visit of the Casela Nature Park &#8211; World of Adventures<\/p><p>About the Casela Nature Park: Located beside the Rempart Mountain on the South-West of Mauritius, the Mauritius Casela Nature Park stays true to being a real nature and adventure park. Along with plenty of activities and attractions for all ages, that park also offers magnificent views of the countryside, rolling down the west coast of Mauritius.<\/p><p><strong>Entrance ticket includes:<\/strong><\/p><p>African Safari: Get a taste of Africa in Mauritius with a unique chance to encounter antelopes, white rhinos, zebras and ostriches. Immerse yourself in the wild in the company of Kudus, Impalas, Oryx, Nyalas, and Waterbucks, just to name a few. The African reserve is of extraordinary scenic beauty with the iconic Rempart Mountain serving as a backdrop.<\/p><p>Visit Birds Paradise Park &#8211; Walk thru the aviary &#8211; Get ready to be fascinated when visiting the Bird Paradise. Walk through the bird aviary to discover various colorful bird species from all around the world.<\/p><p>Animal viewing &#8211; Giraffe, camel, pygmy hippo, llama viewing &#8211; Among the many animals in the park, you will get to see giraffes and pygmy hippos for a unique viewing experience. Meet the camels and llamas, considered as one of the friendliest and most loving animals you will ever meet.<\/p><p>Spend some time getting to know these amazing creatures. Petting farm and Tortoise pen &#8211; Be sure to stop by the Petting farm and Tortoise pen, the ideal setting for people of all ages, especially children to interact with farm animals as well as tortoises.<\/p><p>Access to Pangia Kid\u2019s Park &#8211; The new Pangia Kid\u2019s Park boasts a children\u2019s playground that will offer fun to the young ones! Make sure to bring along the little ones to let them have their fair share of fun!<\/p><p>Visit Predator Kingdom (Big Cats Kingdom) &#8211; For Big Cat lovers, this is a dream come true!<\/p><p>Visit the Predator Kingdom to enjoy a close view of the big cats such as the roaring lions, the magnificent caracals and the majestic tigers.<\/p><p>One Ride on the Tulawaka Gold Coaster &#8211; The perfect ride for thrill seekers, a unique summer luge running on a 760m track including a cable lift hill, vertiginous descents and bends while offering thrill-seekers an exciting ride with a breathtaking view of the west coast of Mauritius!<\/p><p>Additional Info about Casela Nature Parks<\/p><p>The park includes several thematic worlds, as well as a hub for discovery and learning.<\/p><p>African Safari: Get a taste of Africa in Mauritius with a unique chance to encounter antelopes, white rhinos, zebras and ostriches. Immerse yourself in the wild in the company of Kudus, Impalas, Oryx, Nyalas, and Waterbucks, just to name a few. The African reserve is of extraordinary scenic beauty with the iconic Rempart Mountain serving as a backdrop. Casela Nature Parks offers several fun ways to get closer to animals of the African Safari: choose between our zebra bus or the safari Quad .<\/p><p>Predator Kingdom: At the Predator Kingdom, Safari adventures brings you the best of the Big Cats experiences in Mauritius. This is a unique opportunity for visitors to have once in a lifetime experience. Big Cats encounters include: walking with lions, interaction with cheetah, caracal and serval, and the drive-thru to see tigers and lions in their natural habitat.<\/p><p>Thrill Mountain: Thrill Mountain at Casela combines all the mountain and rope activities for thrill-seekers. Jump from a 40m platform into the canyon with the Canyon Swing, zip across breath-taking scenic valleys with plenty of Ziplines, walk on our spectacular Nepalese Bridge, and for the more adventurous: hiking and mountain climbing on the Via Ferrata.<\/p><p>Birds &amp; Rides: A range of rides, activities and attractions to suit all ages. The Tulawaka Gold Coaster for thrill seekers, slide on a Buoy into the air with a Toboggan Ride, awaken your senses with the 4D Cinema, and discover the most impressive bird species in Mauritius with the Aviary.<\/p><p>Pangia Kids Park: Pangia Kids Park is a brand-new world, full of fun, located in the heart of Casela! Come and experience family time like never before with the Monkey Swing, the Dino Ride, the Mushroom Vortex, the Carousel and so many more! The kids will also become little chefs at the Wamwam restaurant.<\/p><p>(All activities and attractions which are not included in this package are pay-asyou-go)<\/p><p>Additional activities offered at the park<\/p><p>Walk with Lions<\/p><p>Safari Quad Biking<\/p><p>Big Cats Interactions<\/p><p>Zip Lines Excursion<\/p><p>Interaction with Rhinos<\/p><p><strong>Private &amp; Exclusivity VIP Option<\/strong><\/p><p>Exclusive Drive Thru with the Big Cats (Optional)<\/p><p>For more exclusivity, we offer our clients the opportunity to take their Drive Thru with the Big Cats in maximum privacy, only you, these amazing big cats and their keepers. You will be accompanied by a personal guide; receive personal care and guidance from the big cats\u2019 keeper and benefit from various extras.<\/p><p>Included in the Exclusive Drive Thru with the Big Cats package:<\/p><p>Private Drive Thru in the Big Cats enclosure (45 mins)<\/p><p>Pictures of your Drive Thru experience<\/p><p>Exclusive Drive Thru for 1 &#8211; 10 Persons<\/p><p>Note:<\/p><p>Reservations should be made 72h in advance<\/p><p>Activity Time: 12h30<\/p><p><strong>Comments &amp; Notes<\/strong><\/p><p>Note: Activity time will be subject to the time slots available at the park. If clients miss their<\/p><p>specific time slot booked, there will be no money refund or rescheduling.<\/p><p>The Drive Thru activity is offered to participants of all ages.<\/p><p>There is no contact with the Big cats and you view them only from the safety of the fenced vehicle.<\/p><p><strong>Food &amp; Drink are not allowed inside the Parks<\/strong><\/p><p>Please note that giraffe observation &amp; feeding are not available on Mondays &amp; Thursdays.<\/p><p>Access will not be granted without presentation of a ticket or voucher.<\/p><p>You are requested to arrive at the park 45 minutes before your activity time.<\/p><p>Visitors shall sign a disclaimer form before taking part in this activity.<\/p><p>A visitor under the age of 18 must be accompanied by their legal guardian, at all times. The legal guardian shall sign the disclaimer form on behalf of the Minor.<\/p><p>IMPORTANT NOTE: Foreign Language Clients: Participants should ensure that they understand either English, French or Mauritian Creole, which are the languages used to explain the safety procedures of the activities. Unless clients (who do not understand any of the mentioned languages) provide a translator, they cannot take part in any of the activities that include a safety talk for safety reasons.<\/p><p>Safari Bus is a complimentary activity offered with the entrance ticket and if missed, there will no refund\/rescheduling.<\/p><p><strong>Health &amp; Safety Notes<\/strong><\/p><p>Please do not scream, shout, kick, slap or jump up and down while in close proximity to the animals; it may scare the animals and cause an accident.<\/p><p>All participants must be physically and mentally capable to perform a particular activity.<\/p><p>Participants should not have any major hearing or visual impairments. If the health and safety<\/p><p>restrictions for your activity are not respected, &#8220;NO&#8221; refund will be considered. These rules are for your safety.<\/p><p>Activities are still carried out in rain, and no refunds will be given if a client chooses to not participate. In the event of adverse weather, activities may be rescheduled for security purposes by the Management of the Park.<\/p>\t\t\t\t\t\t\t\t<\/div>\n\t\t\t\t<\/div>\n\t\t\t\t\t<\/div>\n\t\t<\/div>\n\t\t\t\t<div class=\"elementor-column elementor-col-50 elementor-top-column elementor-element elementor-element-a9940e3\" data-id=\"a9940e3\" data-element_type=\"column\" data-e-type=\"column\" data-settings=\"{&quot;background_background&quot;:&quot;classic&quot;}\">\n\t\t\t<div class=\"elementor-widget-wrap elementor-element-populated\">\n\t\t\t\t\t\t<section class=\"elementor-section elementor-inner-section elementor-element elementor-element-e0682c1 elementor-section-full_width elementor-section-height-default elementor-section-height-default\" data-id=\"e0682c1\" data-element_type=\"section\" data-e-type=\"section\" data-settings=\"{&quot;jet_parallax_layout_list&quot;:[{&quot;jet_parallax_layout_image&quot;:{&quot;url&quot;:&quot;&quot;,&quot;id&quot;:&quot;&quot;,&quot;size&quot;:&quot;&quot;},&quot;_id&quot;:&quot;b6ab971&quot;,&quot;jet_parallax_layout_image_tablet&quot;:{&quot;url&quot;:&quot;&quot;,&quot;id&quot;:&quot;&quot;,&quot;size&quot;:&quot;&quot;},&quot;jet_parallax_layout_image_mobile&quot;:{&quot;url&quot;:&quot;&quot;,&quot;id&quot;:&quot;&quot;,&quot;size&quot;:&quot;&quot;},&quot;jet_parallax_layout_speed&quot;:{&quot;unit&quot;:&quot;%&quot;,&quot;size&quot;:50,&quot;sizes&quot;:[]},&quot;jet_parallax_layout_type&quot;:&quot;scroll&quot;,&quot;jet_parallax_layout_direction&quot;:&quot;1&quot;,&quot;jet_parallax_layout_fx_direction&quot;:null,&quot;jet_parallax_layout_z_index&quot;:&quot;&quot;,&quot;jet_parallax_layout_bg_x&quot;:50,&quot;jet_parallax_layout_bg_x_tablet&quot;:&quot;&quot;,&quot;jet_parallax_layout_bg_x_mobile&quot;:&quot;&quot;,&quot;jet_parallax_layout_bg_y&quot;:50,&quot;jet_parallax_layout_bg_y_tablet&quot;:&quot;&quot;,&quot;jet_parallax_layout_bg_y_mobile&quot;:&quot;&quot;,&quot;jet_parallax_layout_bg_size&quot;:&quot;auto&quot;,&quot;jet_parallax_layout_bg_size_tablet&quot;:&quot;&quot;,&quot;jet_parallax_layout_bg_size_mobile&quot;:&quot;&quot;,&quot;jet_parallax_layout_animation_prop&quot;:&quot;transform&quot;,&quot;jet_parallax_layout_on&quot;:[&quot;desktop&quot;,&quot;tablet&quot;]}]}\">\n\t\t\t\t\t\t<div class=\"elementor-container elementor-column-gap-no\">\n\t\t\t\t\t<div class=\"elementor-column elementor-col-100 elementor-inner-column elementor-element elementor-element-3b32bc1\" data-id=\"3b32bc1\" data-element_type=\"column\" data-e-type=\"column\">\n\t\t\t<div class=\"elementor-widget-wrap elementor-element-populated\">\n\t\t\t\t\t\t<div class=\"elementor-element elementor-element-3bdfc7f jet-nav-align-flex-start elementor-widget elementor-widget-jet-nav-menu\" data-id=\"3bdfc7f\" data-element_type=\"widget\" data-e-type=\"widget\" data-widget_type=\"jet-nav-menu.default\">\n\t\t\t\t<div class=\"elementor-widget-container\">\n\t\t\t\t\t<nav class=\"jet-nav-wrap m-layout-mobile jet-mobile-menu jet-mobile-menu--default\" data-mobile-trigger-device=\"mobile\" data-mobile-layout=\"default\">\n<div class=\"jet-nav__mobile-trigger jet-nav-mobile-trigger-align-left\">\n\t<span class=\"jet-nav__mobile-trigger-open jet-blocks-icon\"><svg aria-hidden=\"true\" class=\"e-font-icon-svg e-fas-bars\" viewBox=\"0 0 448 512\" xmlns=\"http:\/\/www.w3.org\/2000\/svg\"><path d=\"M16 132h416c8.837 0 16-7.163 16-16V76c0-8.837-7.163-16-16-16H16C7.163 60 0 67.163 0 76v40c0 8.837 7.163 16 16 16zm0 160h416c8.837 0 16-7.163 16-16v-40c0-8.837-7.163-16-16-16H16c-8.837 0-16 7.163-16 16v40c0 8.837 7.163 16 16 16zm0 160h416c8.837 0 16-7.163 16-16v-40c0-8.837-7.163-16-16-16H16c-8.837 0-16 7.163-16 16v40c0 8.837 7.163 16 16 16z\"><\/path><\/svg><\/span>\t<span class=\"jet-nav__mobile-trigger-close jet-blocks-icon\"><svg aria-hidden=\"true\" class=\"e-font-icon-svg e-fas-times\" viewBox=\"0 0 352 512\" xmlns=\"http:\/\/www.w3.org\/2000\/svg\"><path d=\"M242.72 256l100.07-100.07c12.28-12.28 12.28-32.19 0-44.48l-22.24-22.24c-12.28-12.28-32.19-12.28-44.48 0L176 189.28 75.93 89.21c-12.28-12.28-32.19-12.28-44.48 0L9.21 111.45c-12.28 12.28-12.28 32.19 0 44.48L109.28 256 9.21 356.07c-12.28 12.28-12.28 32.19 0 44.48l22.24 22.24c12.28 12.28 32.2 12.28 44.48 0L176 322.72l100.07 100.07c12.28 12.28 32.2 12.28 44.48 0l22.24-22.24c12.28-12.28 12.28-32.19 0-44.48L242.72 256z\"><\/path><\/svg><\/span><\/div><div class=\"menu-footer-menu-container\"><div class=\"jet-nav m-layout-mobile jet-nav--vertical jet-nav--vertical-sub-right-side\"><div class=\"menu-item menu-item-type-post_type menu-item-object-page jet-nav__item-3192 jet-nav__item\"><a href=\"https:\/\/www.premiermauritiusholidays.com\/fr\/about-us\/\" class=\"menu-item-link menu-item-link-depth-0 menu-item-link-top\"><span class=\"jet-nav-link-text\">About Us<\/span><\/a><\/div>\n<div class=\"menu-item menu-item-type-post_type menu-item-object-page current_page_parent jet-nav__item-3660 jet-nav__item\"><a href=\"https:\/\/www.premiermauritiusholidays.com\/fr\/blog\/\" class=\"menu-item-link menu-item-link-depth-0 menu-item-link-top\"><span class=\"jet-nav-link-text\">Blog<\/span><\/a><\/div>\n<div class=\"menu-item menu-item-type-post_type menu-item-object-page jet-nav__item-3194 jet-nav__item\"><a href=\"https:\/\/www.premiermauritiusholidays.com\/fr\/mauritius-airport-transfer\/\" class=\"menu-item-link menu-item-link-depth-0 menu-item-link-top\"><span class=\"jet-nav-link-text\">Airport Transfer<\/span><\/a><\/div>\n<div class=\"menu-item menu-item-type-post_type menu-item-object-page jet-nav__item-3193 jet-nav__item\"><a href=\"https:\/\/www.premiermauritiusholidays.com\/fr\/car-rental\/\" class=\"menu-item-link menu-item-link-depth-0 menu-item-link-top\"><span class=\"jet-nav-link-text\">Car Rental<\/span><\/a><\/div>\n<div class=\"menu-item menu-item-type-post_type menu-item-object-page jet-nav__item-3195 jet-nav__item\"><a href=\"https:\/\/www.premiermauritiusholidays.com\/fr\/land-activities-mauritius\/\" class=\"menu-item-link menu-item-link-depth-0 menu-item-link-top\"><span class=\"jet-nav-link-text\">Land Activities<\/span><\/a><\/div>\n<div class=\"menu-item menu-item-type-post_type menu-item-object-page jet-nav__item-3196 jet-nav__item\"><a href=\"https:\/\/www.premiermauritiusholidays.com\/fr\/tours\/\" class=\"menu-item-link menu-item-link-depth-0 menu-item-link-top\"><span class=\"jet-nav-link-text\">Tours<\/span><\/a><\/div>\n<div class=\"menu-item menu-item-type-post_type menu-item-object-page jet-nav__item-3191 jet-nav__item\"><a href=\"https:\/\/www.premiermauritiusholidays.com\/fr\/about-mauritius\/\" class=\"menu-item-link menu-item-link-depth-0 menu-item-link-top\"><span class=\"jet-nav-link-text\">About Mauritius<\/span><\/a><\/div>\n<div class=\"menu-item menu-item-type-post_type menu-item-object-page jet-nav__item-3268 jet-nav__item\"><a href=\"https:\/\/www.premiermauritiusholidays.com\/fr\/contacts\/\" class=\"menu-item-link menu-item-link-depth-0 menu-item-link-top\"><span class=\"jet-nav-link-text\">Contacts<\/span><\/a><\/div>\n<\/div><\/div><\/nav>\t\t\t\t<\/div>\n\t\t\t\t<\/div>\n\t\t\t\t\t<\/div>\n\t\t<\/div>\n\t\t\t\t\t<\/div>\n\t\t<\/section>\n\t\t\t\t\t<\/div>\n\t\t<\/div>\n\t\t\t\t\t<\/div>\n\t\t<\/section>\n\t\t\t\t<\/div>\n\t\t","protected":false},"excerpt":{"rendered":"<p>Big Cats Drive Thru in Mauritius (Casela Park) &gt; View our private transport offer for excursions in Mauritius About the Big Cats Drive Thru at Casela Nature Parks Join the only Safari Big Cats Drive Thru in Mauritius and meet the lions and tigers at the famous Casela Nature Parks! Who would have thought that [&hellip;]<\/p>\n","protected":false},"author":1,"featured_media":0,"parent":10,"menu_order":0,"comment_status":"closed","ping_status":"closed","template":"elementor_header_footer","meta":{"sfsi_plus_gutenberg_text_before_share":"","sfsi_plus_gutenberg_show_text_before_share":"","sfsi_plus_gutenberg_icon_type":"","sfsi_plus_gutenberg_icon_alignemt":"","sfsi_plus_gutenburg_max_per_row":"","footnotes":""},"class_list":["post-2564","page","type-page","status-publish","hentry"],"_links":{"self":[{"href":"https:\/\/www.premiermauritiusholidays.com\/fr\/wp-json\/wp\/v2\/pages\/2564","targetHints":{"allow":["GET"]}}],"collection":[{"href":"https:\/\/www.premiermauritiusholidays.com\/fr\/wp-json\/wp\/v2\/pages"}],"about":[{"href":"https:\/\/www.premiermauritiusholidays.com\/fr\/wp-json\/wp\/v2\/types\/page"}],"author":[{"embeddable":true,"href":"https:\/\/www.premiermauritiusholidays.com\/fr\/wp-json\/wp\/v2\/users\/1"}],"replies":[{"embeddable":true,"href":"https:\/\/www.premiermauritiusholidays.com\/fr\/wp-json\/wp\/v2\/comments?post=2564"}],"version-history":[{"count":16,"href":"https:\/\/www.premiermauritiusholidays.com\/fr\/wp-json\/wp\/v2\/pages\/2564\/revisions"}],"predecessor-version":[{"id":3941,"href":"https:\/\/www.premiermauritiusholidays.com\/fr\/wp-json\/wp\/v2\/pages\/2564\/revisions\/3941"}],"up":[{"embeddable":true,"href":"https:\/\/www.premiermauritiusholidays.com\/fr\/wp-json\/wp\/v2\/pages\/10"}],"wp:attachment":[{"href":"https:\/\/www.premiermauritiusholidays.com\/fr\/wp-json\/wp\/v2\/media?parent=2564"}],"curies":[{"name":"wp","href":"https:\/\/api.w.org\/{rel}","templated":true}]}}