{"id":2635,"date":"2024-01-08T15:55:52","date_gmt":"2024-01-08T15:55:52","guid":{"rendered":"https:\/\/www.premiermauritiusholidays.com\/new\/?page_id=2635"},"modified":"2026-01-28T19:08:26","modified_gmt":"2026-01-28T15:08:26","slug":"camel-ride-activities-at-casela-west","status":"publish","type":"page","link":"https:\/\/www.premiermauritiusholidays.com\/fr\/land-activities-mauritius\/camel-ride-activities-at-casela-west\/","title":{"rendered":"Activit\u00e9s de randonn\u00e9e \u00e0 dos de chameau \u00e0 Casela (Ouest)"},"content":{"rendered":"\t\t<div data-elementor-type=\"wp-post\" data-elementor-id=\"2635\" class=\"elementor elementor-2635\">\n\t\t\t\t\t\t<section class=\"elementor-section elementor-top-section elementor-element elementor-element-e8bbf02 elementor-section-boxed elementor-section-height-default elementor-section-height-default\" data-id=\"e8bbf02\" data-element_type=\"section\" data-e-type=\"section\" data-settings=\"{&quot;jet_parallax_layout_list&quot;:[{&quot;jet_parallax_layout_image&quot;:{&quot;url&quot;:&quot;&quot;,&quot;id&quot;:&quot;&quot;,&quot;size&quot;:&quot;&quot;},&quot;_id&quot;:&quot;bd29a1e&quot;,&quot;jet_parallax_layout_image_tablet&quot;:{&quot;url&quot;:&quot;&quot;,&quot;id&quot;:&quot;&quot;,&quot;size&quot;:&quot;&quot;},&quot;jet_parallax_layout_image_mobile&quot;:{&quot;url&quot;:&quot;&quot;,&quot;id&quot;:&quot;&quot;,&quot;size&quot;:&quot;&quot;},&quot;jet_parallax_layout_speed&quot;:{&quot;unit&quot;:&quot;%&quot;,&quot;size&quot;:50,&quot;sizes&quot;:[]},&quot;jet_parallax_layout_type&quot;:&quot;scroll&quot;,&quot;jet_parallax_layout_direction&quot;:&quot;1&quot;,&quot;jet_parallax_layout_fx_direction&quot;:null,&quot;jet_parallax_layout_z_index&quot;:&quot;&quot;,&quot;jet_parallax_layout_bg_x&quot;:50,&quot;jet_parallax_layout_bg_x_tablet&quot;:&quot;&quot;,&quot;jet_parallax_layout_bg_x_mobile&quot;:&quot;&quot;,&quot;jet_parallax_layout_bg_y&quot;:50,&quot;jet_parallax_layout_bg_y_tablet&quot;:&quot;&quot;,&quot;jet_parallax_layout_bg_y_mobile&quot;:&quot;&quot;,&quot;jet_parallax_layout_bg_size&quot;:&quot;auto&quot;,&quot;jet_parallax_layout_bg_size_tablet&quot;:&quot;&quot;,&quot;jet_parallax_layout_bg_size_mobile&quot;:&quot;&quot;,&quot;jet_parallax_layout_animation_prop&quot;:&quot;transform&quot;,&quot;jet_parallax_layout_on&quot;:[&quot;desktop&quot;,&quot;tablet&quot;]}]}\">\n\t\t\t\t\t\t<div class=\"elementor-container elementor-column-gap-no\">\n\t\t\t\t\t<div class=\"elementor-column elementor-col-100 elementor-top-column elementor-element elementor-element-a7cad2e\" data-id=\"a7cad2e\" data-element_type=\"column\" data-e-type=\"column\">\n\t\t\t<div class=\"elementor-widget-wrap elementor-element-populated\">\n\t\t\t\t\t\t<div class=\"elementor-element elementor-element-8eca72a elementor-widget elementor-widget-jet-slider\" data-id=\"8eca72a\" data-element_type=\"widget\" data-e-type=\"widget\" data-settings=\"{&quot;slider_height&quot;:{&quot;unit&quot;:&quot;px&quot;,&quot;size&quot;:438,&quot;sizes&quot;:[]},&quot;slider_height_tablet&quot;:{&quot;unit&quot;:&quot;px&quot;,&quot;size&quot;:600,&quot;sizes&quot;:[]},&quot;slider_height_mobile&quot;:{&quot;unit&quot;:&quot;px&quot;,&quot;size&quot;:400,&quot;sizes&quot;:[]}}\" data-widget_type=\"jet-slider.default\">\n\t\t\t\t<div class=\"elementor-widget-container\">\n\t\t\t\t\t<div class=\"elementor-jet-slider jet-elements\">\n<div class=\"jet-slider jet-slider__image-exact\" data-settings='{&quot;sliderWidth&quot;:1,&quot;sliderHeight&quot;:1,&quot;sliderNavigation&quot;:false,&quot;sliderNavigationIcon&quot;:&quot;jet-slider__arrow-icon-8eca72a&quot;,&quot;sliderNaviOnHover&quot;:false,&quot;sliderPagination&quot;:false,&quot;sliderAutoplay&quot;:true,&quot;sliderAutoplayDelay&quot;:5000,&quot;sliderAutoplayOnHover&quot;:&quot;pause&quot;,&quot;sliderFullScreen&quot;:false,&quot;sliderFullscreenIcon&quot;:&quot;jet-slider__fullscreen-icon-8eca72a&quot;,&quot;sliderShuffle&quot;:false,&quot;sliderLoop&quot;:true,&quot;sliderFadeMode&quot;:true,&quot;slideDistance&quot;:1,&quot;slideDuration&quot;:500,&quot;imageScaleMode&quot;:&quot;exact&quot;,&quot;thumbnails&quot;:false,&quot;thumbnailWidth&quot;:120,&quot;thumbnailHeight&quot;:80,&quot;rightToLeft&quot;:false,&quot;touchswipe&quot;:true,&quot;fractionPag&quot;:false,&quot;fractionPrefix&quot;:&quot;&quot;,&quot;fractionSeparator&quot;:&quot;\\\/&quot;,&quot;fractionSuffix&quot;:&quot;&quot;,&quot;autoSliderHeight&quot;:false}'>\n\t\n<div  class=\"slider-pro\">\n\t<div class=\"jet-slider__arrow-icon-8eca72a hidden-html\"><\/div><div class=\"jet-slider__fullscreen-icon-8eca72a hidden-html\"><\/div>\t<div class=\"jet-slider__items sp-slides\">\n\n\n<div  class=\"jet-slider__item sp-slide elementor-repeater-item-91445d0\"><img decoding=\"async\" class=\"sp-image\" src=\"https:\/\/www.premiermauritiusholidays.com\/wp-content\/uploads\/2024\/01\/Camel-Ride-Activities-at-Casela-West.jpg\" alt=\"Camel Ride Activities at Casela (West)\" loading=\"lazy\"><div class=\"jet-slider__content sp-layer \" data-position=\"centerCenter\" data-width=\"100%\" data-height=\"100%\" data-horizontal=\"0%\" data-show-transition=\"up\" data-show-duration=\"400\" data-show-delay=\"400\" >\n\t\t<div class=\"jet-slider__content-item\">\n\t\t\t<div class=\"jet-slider__content-inner\"> \n\n\t\t\t\t\t\t<div class=\"jet-slider__button-wrapper\">\t\t\t\t\t\t<\/div><\/div>\n\t\t<\/div>\n\t\t\t<\/div>\n<\/div>\n\n<\/div>\n<\/div>\n<\/div>\n<\/div>\t\t\t\t<\/div>\n\t\t\t\t<\/div>\n\t\t\t\t\t<\/div>\n\t\t<\/div>\n\t\t\t\t\t<\/div>\n\t\t<\/section>\n\t\t\t\t<section class=\"elementor-section elementor-top-section elementor-element elementor-element-1734941 elementor-section-boxed elementor-section-height-default elementor-section-height-default\" data-id=\"1734941\" data-element_type=\"section\" data-e-type=\"section\" data-settings=\"{&quot;jet_parallax_layout_list&quot;:[{&quot;jet_parallax_layout_image&quot;:{&quot;url&quot;:&quot;&quot;,&quot;id&quot;:&quot;&quot;,&quot;size&quot;:&quot;&quot;},&quot;_id&quot;:&quot;b0b005b&quot;,&quot;jet_parallax_layout_image_tablet&quot;:{&quot;url&quot;:&quot;&quot;,&quot;id&quot;:&quot;&quot;,&quot;size&quot;:&quot;&quot;},&quot;jet_parallax_layout_image_mobile&quot;:{&quot;url&quot;:&quot;&quot;,&quot;id&quot;:&quot;&quot;,&quot;size&quot;:&quot;&quot;},&quot;jet_parallax_layout_speed&quot;:{&quot;unit&quot;:&quot;%&quot;,&quot;size&quot;:50,&quot;sizes&quot;:[]},&quot;jet_parallax_layout_type&quot;:&quot;scroll&quot;,&quot;jet_parallax_layout_direction&quot;:&quot;1&quot;,&quot;jet_parallax_layout_fx_direction&quot;:null,&quot;jet_parallax_layout_z_index&quot;:&quot;&quot;,&quot;jet_parallax_layout_bg_x&quot;:50,&quot;jet_parallax_layout_bg_x_tablet&quot;:&quot;&quot;,&quot;jet_parallax_layout_bg_x_mobile&quot;:&quot;&quot;,&quot;jet_parallax_layout_bg_y&quot;:50,&quot;jet_parallax_layout_bg_y_tablet&quot;:&quot;&quot;,&quot;jet_parallax_layout_bg_y_mobile&quot;:&quot;&quot;,&quot;jet_parallax_layout_bg_size&quot;:&quot;auto&quot;,&quot;jet_parallax_layout_bg_size_tablet&quot;:&quot;&quot;,&quot;jet_parallax_layout_bg_size_mobile&quot;:&quot;&quot;,&quot;jet_parallax_layout_animation_prop&quot;:&quot;transform&quot;,&quot;jet_parallax_layout_on&quot;:[&quot;desktop&quot;,&quot;tablet&quot;]}]}\">\n\t\t\t\t\t\t<div class=\"elementor-container elementor-column-gap-no\">\n\t\t\t\t\t<div class=\"elementor-column elementor-col-50 elementor-top-column elementor-element elementor-element-7e6fe18\" data-id=\"7e6fe18\" data-element_type=\"column\" data-e-type=\"column\" data-settings=\"{&quot;background_background&quot;:&quot;classic&quot;}\">\n\t\t\t<div class=\"elementor-widget-wrap elementor-element-populated\">\n\t\t\t\t\t\t<div class=\"elementor-element elementor-element-06578a4 elementor-widget elementor-widget-heading\" data-id=\"06578a4\" data-element_type=\"widget\" data-e-type=\"widget\" data-widget_type=\"heading.default\">\n\t\t\t\t<div class=\"elementor-widget-container\">\n\t\t\t\t\t<h1 class=\"elementor-heading-title elementor-size-default\">Camel Ride Activities at Casela (West)<\/h1>\t\t\t\t<\/div>\n\t\t\t\t<\/div>\n\t\t\t\t<div class=\"elementor-element elementor-element-54c2c5c elementor-widget elementor-widget-text-editor\" data-id=\"54c2c5c\" data-element_type=\"widget\" data-e-type=\"widget\" data-widget_type=\"text-editor.default\">\n\t\t\t\t<div class=\"elementor-widget-container\">\n\t\t\t\t\t\t\t\t\t<p>About Camel Ride and Feeding Activities at Casela<\/p><p>&gt;<a href=\"https:\/\/www.premiermauritiusholidays.com\/pdf\/Flyer_05_EN_casela.pdf\"> Dowloadable PDF<\/a><\/p><p>&gt; <a href=\"https:\/\/www.premiermauritiusholidays.com\/private-transport-excursions-mauritius\/\">View our private transport offer for excursions in Mauritius<\/a><\/p><p>Camels are one of the most social and loving animals you will ever meet and you will be glad you<br \/>spent a little part of your day in their company. Their height and special gait makes camel riding a<br \/>greatly enjoyable experience.<\/p><p>For those who just want to get a taste of what it feels like to mount this majestic animal, you can<br \/>with the Paddock Camel Ride! Make your camel encounter one to remember by opting for the<br \/>Camel Feeding option.<\/p><p><strong>Paddock Camel Ride <br \/><\/strong><br \/>Never experienced a camel ride before? Then this Paddock Camel Ride is perfect for you! To get a<br \/>better feel about what it&#8217;s like to ride aboard a camel, enjoy this 5-minute ride within its paddock.<br \/>The perfect activity for adults and kids alike!<\/p><p><strong>Camel Feeding <\/strong><\/p><p>While camels are known to go for long periods without food and water, why not make this occasion<br \/>special and feed one with your own hands. Afterall, how often do you get the chance to be face to<br \/>face with these highly social and majestic desert creatures?<\/p><p><strong>Important<\/strong>: The Camel Rides are done at the Big Cats Kingdom which is part of Mauritius Safari<br \/>and Bird Park. Accordingly, we offer you to purchase the Camel Rides excursion together with the<br \/>entry tickets to the park.<\/p><p>Visit of the Casela Nature Parks \u2013 World of Adventures<\/p><p>About the Casela Nature Park: Located beside the Rempart Mountain on the South-West of<br \/>Mauritius, the Mauritius Casela Nature Park stays true to being a real nature and adventure park.<br \/>Along with plenty of activities and attractions for all ages, that park also offers magnificent views<br \/>of the countryside, rolling down the west coast of Mauritius.<\/p><p><strong>Entrance ticket includes: <\/strong><\/p><p><strong>African Safari:<\/strong> Get a taste of Africa in Mauritius with a unique chance to encounter antelopes,<br \/>white rhinos, zebras and ostriches. Immerse yourself in the wild in the company of Kudus,<br \/>Impalas, Oryx, Nyalas, and Waterbucks, just to name a few. The African reserve is of extraordinary<br \/>scenic beauty with the iconic Rempart Mountain serving as a backdrop.<\/p><p><strong>Visit Birds Paradise Park <\/strong>&#8211; Walk thru the aviary &#8211; Get ready to be fascinated when visiting<br \/>the Bird Paradise. Walk through the bird aviary to discover various colorful bird species from all<br \/>around the world.<\/p><p><strong>Animal viewing &#8211; Giraffe<\/strong>, camel, pygmy hippo, llama viewing &#8211; Among the many animals in the<br \/>park, you will get to see giraffes and pygmy hippos for a unique viewing experience. Meet the<br \/>camels and llamas, considered as one of the friendliest and most loving animals you will ever meet.<br \/>Spend some time getting to know these amazing creatures.<\/p><p><strong>Petting farm and Tortoise pen<\/strong> &#8211; Be sure to stop by the Petting farm and Tortoise pen, the ideal<br \/>setting for people of all ages, especially children to interact with farm animals as well as tortoises.<\/p><p><strong>Access to Pangia Kid\u2019s Park<\/strong> &#8211; The new Pangia Kid\u2019s Park boasts a children\u2019s playground that<br \/>will offer fun to the young ones! Make sure to bring along the little ones to let them have their fair<br \/>share of fun!<\/p><p><strong>Visit Predator Kingdom (Big Cats Kingdom)<\/strong> &#8211; For Big Cat lovers, this is a dream come true!<br \/>Visit the Predator Kingdom to enjoy a close view of the big cats such as the roaring lions, the<br \/>magnificent caracals and the majestic tigers.<\/p><p><strong>One Ride on the Tulawaka Gold Coaster<\/strong> &#8211; The perfect ride for thrill seekers, a unique<br \/>summer luge running on a 760m track including a cable lift hill, vertiginous descents and bends<br \/>while offering thrill-seekers an exciting ride with a breathtaking view of the west coast of<br \/>Mauritius!<\/p><p><em><br \/>(All activities and attractions which are not included in this package are pay-asyou-<br \/>go)<br \/><\/em><\/p><p>Additional Info about Casela Nature Parks<\/p><p>The park includes several thematic worlds, as well as a hub for discovery and learning.<\/p><p><strong>African Safari:<\/strong> Get a taste of Africa in Mauritius with a unique chance to encounter<br \/>antelopes, white rhinos, zebras and ostriches. Immerse yourself in the wild in the company<br \/>of Kudus, Impalas, Oryx, Nyalas, and Waterbucks, just to name a few. The African reserve is of<br \/>extraordinary scenic beauty with the iconic Rempart Mountain serving as a backdrop. Casela<br \/>Nature Parks offers several fun ways to get closer to animals of the African Safari: choose<br \/>between our zebra bus or the safari Quad.<\/p><p>Predator Kingdom: At the Predator Kingdom, Safari adventures brings you the best of the<br \/>Big Cats experiences in Mauritius. This is a unique opportunity for visitors to have once in a<br \/>lifetime experience. Big Cats encounters include: walking with lions, interaction with<br \/>cheetah, caracal and serval and the drive-thru to see tigers and lions in their natural<br \/>habitat.<\/p><p>Thrill Mountain: Thrill Mountain at Casela combines all the mountain and rope activities<br \/>for thrill-seekers. Jump from a 40m platform into the canyon with the Canyon Swing, zip<br \/>across breath-taking scenic valleys with plenty of Ziplines, walk on our<br \/>spectacular Nepalese Bridge and for the more adventurous: hiking and mountain climbing<br \/>on the Via Ferrata.<\/p><p>Birds &amp; Rides: A range of rides, activities and attractions to suit all ages. The Tulawaka Gold<br \/>Coaster for thrill seekers, slide on a Buoy into the air with a Toboggan Ride, awaken your<br \/>senses with the 4D Cinema, and discover the most impressive bird species in Mauritius with<br \/>the Aviary<\/p><p>Pangia Kids Park: Pangia Kids Park is a brand-new world, full of fun, located in the heart of<br \/>Casela! Come and experience family time like never before with the Monkey Swing, the Dino<br \/>Ride, the Mushroom Vortex, the Carousel and so many more! The kids will also become<br \/>little chefs at the Wamwam restaurant.<\/p><p>(All activities and attractions which are not included in this package are pay-asyou-<br \/>go)<\/p><p>What to bring\/wear<\/p><p>Long pants are recommended<\/p><p>Closed shoes are required for this activity<\/p><p>Suncream<\/p><p>Comments &amp; Notes<br \/>Note: Camel activities are not available on Sundays; only viewings will be available.<br \/>Activity time will be subject to the time slots available at the park. If clients miss their specific time slot booked, there will be no money refund or rescheduling.<br \/>Please note that giraffe observation and feeding are not available on Mondays &amp; Thursdays.<br \/>The park is open daily from 9am to 5pm, except on Saturdays until 9pm for Casela By Night<br \/>(Pangia Rides, Tulawaka Gold Coaster &amp; Wamwam Restaurant).<br \/>The park will be closed on 25th December and 1st January.<br \/>Access will not be granted without presentation of a ticket or voucher.<br \/>You are requested to arrive at the park 45 minutes before your activity time.<br \/>All times above are indicative and will be reconfirmed at the time of booking.<\/p><p>Maximum number of participants per slot: 4<br \/>Food &amp; Drink are not allowed inside the Parks<br \/>IMPORTANT NOTE: Foreign Language Clients: Participants should ensure that they<br \/>understand either English, French or Mauritian Creole, which are the languages used to explain the safety procedures of the activities. Unless clients (who do not understand any of the mentioned languages) provide a translator, they cannot take part in any of the activities that include a safety talk for safety reasons.<\/p><p>Safari Bus is a complimentary activity offered with the entrance ticket and if missed,<br \/>there will no refund\/res<br \/>cheduling.<br \/>Health &amp; Safety Notes<br \/>Minimum Age: 5 years<br \/>Weight limit: 100kg<br \/>Minimum Height: 1m20<br \/>Children under 12 years must remain under adult supervision at all times.<br \/>Please do not scream, shout, kick, slap or jump up and down while riding or while in close<br \/>proximity to the camels; it may scare the animals and cause an accident.<br \/>All participants must be physically and mentally capable to perform this particular activity.<\/p><p>Participants should not have any major hearing or visual impairments. If the health and safety<br \/>restrictions for your activity are not respected, &#8220;NO&#8221; refund will be considered. These rules are for<br \/>your safety.<\/p><p>Activities are still carried out in rain, and no refunds will be given if a client chooses to not participate. In the event of adverse weather, activities may be rescheduled for security purposes by the Management of the Park.<\/p><p>Operating Times<br \/>Park Times: 09h00 &#8211; 17h00<br \/>Paddock Camel Ride: 09h30 &#8211; 11h30 &amp; 01h30 &#8211; 03h30<br \/>Camel Feeding:<br \/>09h30 &#8211; 11h30 &amp; 01h30 &#8211; 03h30<\/p><p>Duration<br \/>Visit of the Park: Approximately 3 hours<br \/>Paddock Camel Ride: 5 &#8211; 10 minutes<br \/>Camel Feeding: 5 &#8211; 10 minutes<br \/>The camel activity is available Everyday except Sunday and on the 25th December and 1st<br \/>January); only viewings are available on Sundays.<\/p>\t\t\t\t\t\t\t\t<\/div>\n\t\t\t\t<\/div>\n\t\t\t\t\t<\/div>\n\t\t<\/div>\n\t\t\t\t<div class=\"elementor-column elementor-col-50 elementor-top-column elementor-element elementor-element-a9940e3\" data-id=\"a9940e3\" data-element_type=\"column\" data-e-type=\"column\" data-settings=\"{&quot;background_background&quot;:&quot;classic&quot;}\">\n\t\t\t<div class=\"elementor-widget-wrap elementor-element-populated\">\n\t\t\t\t\t\t<section class=\"elementor-section elementor-inner-section elementor-element elementor-element-e0682c1 elementor-section-full_width elementor-section-height-default elementor-section-height-default\" data-id=\"e0682c1\" data-element_type=\"section\" data-e-type=\"section\" data-settings=\"{&quot;jet_parallax_layout_list&quot;:[{&quot;jet_parallax_layout_image&quot;:{&quot;url&quot;:&quot;&quot;,&quot;id&quot;:&quot;&quot;,&quot;size&quot;:&quot;&quot;},&quot;_id&quot;:&quot;b6ab971&quot;,&quot;jet_parallax_layout_image_tablet&quot;:{&quot;url&quot;:&quot;&quot;,&quot;id&quot;:&quot;&quot;,&quot;size&quot;:&quot;&quot;},&quot;jet_parallax_layout_image_mobile&quot;:{&quot;url&quot;:&quot;&quot;,&quot;id&quot;:&quot;&quot;,&quot;size&quot;:&quot;&quot;},&quot;jet_parallax_layout_speed&quot;:{&quot;unit&quot;:&quot;%&quot;,&quot;size&quot;:50,&quot;sizes&quot;:[]},&quot;jet_parallax_layout_type&quot;:&quot;scroll&quot;,&quot;jet_parallax_layout_direction&quot;:&quot;1&quot;,&quot;jet_parallax_layout_fx_direction&quot;:null,&quot;jet_parallax_layout_z_index&quot;:&quot;&quot;,&quot;jet_parallax_layout_bg_x&quot;:50,&quot;jet_parallax_layout_bg_x_tablet&quot;:&quot;&quot;,&quot;jet_parallax_layout_bg_x_mobile&quot;:&quot;&quot;,&quot;jet_parallax_layout_bg_y&quot;:50,&quot;jet_parallax_layout_bg_y_tablet&quot;:&quot;&quot;,&quot;jet_parallax_layout_bg_y_mobile&quot;:&quot;&quot;,&quot;jet_parallax_layout_bg_size&quot;:&quot;auto&quot;,&quot;jet_parallax_layout_bg_size_tablet&quot;:&quot;&quot;,&quot;jet_parallax_layout_bg_size_mobile&quot;:&quot;&quot;,&quot;jet_parallax_layout_animation_prop&quot;:&quot;transform&quot;,&quot;jet_parallax_layout_on&quot;:[&quot;desktop&quot;,&quot;tablet&quot;]}]}\">\n\t\t\t\t\t\t<div class=\"elementor-container elementor-column-gap-no\">\n\t\t\t\t\t<div class=\"elementor-column elementor-col-100 elementor-inner-column elementor-element elementor-element-3b32bc1\" data-id=\"3b32bc1\" data-element_type=\"column\" data-e-type=\"column\">\n\t\t\t<div class=\"elementor-widget-wrap elementor-element-populated\">\n\t\t\t\t\t\t<div class=\"elementor-element elementor-element-3bdfc7f jet-nav-align-flex-start elementor-widget elementor-widget-jet-nav-menu\" data-id=\"3bdfc7f\" data-element_type=\"widget\" data-e-type=\"widget\" data-widget_type=\"jet-nav-menu.default\">\n\t\t\t\t<div class=\"elementor-widget-container\">\n\t\t\t\t\t<nav class=\"jet-nav-wrap m-layout-mobile jet-mobile-menu jet-mobile-menu--default\" data-mobile-trigger-device=\"mobile\" data-mobile-layout=\"default\">\n<div class=\"jet-nav__mobile-trigger jet-nav-mobile-trigger-align-left\">\n\t<span class=\"jet-nav__mobile-trigger-open jet-blocks-icon\"><svg aria-hidden=\"true\" class=\"e-font-icon-svg e-fas-bars\" viewBox=\"0 0 448 512\" xmlns=\"http:\/\/www.w3.org\/2000\/svg\"><path d=\"M16 132h416c8.837 0 16-7.163 16-16V76c0-8.837-7.163-16-16-16H16C7.163 60 0 67.163 0 76v40c0 8.837 7.163 16 16 16zm0 160h416c8.837 0 16-7.163 16-16v-40c0-8.837-7.163-16-16-16H16c-8.837 0-16 7.163-16 16v40c0 8.837 7.163 16 16 16zm0 160h416c8.837 0 16-7.163 16-16v-40c0-8.837-7.163-16-16-16H16c-8.837 0-16 7.163-16 16v40c0 8.837 7.163 16 16 16z\"><\/path><\/svg><\/span>\t<span class=\"jet-nav__mobile-trigger-close jet-blocks-icon\"><svg aria-hidden=\"true\" class=\"e-font-icon-svg e-fas-times\" viewBox=\"0 0 352 512\" xmlns=\"http:\/\/www.w3.org\/2000\/svg\"><path d=\"M242.72 256l100.07-100.07c12.28-12.28 12.28-32.19 0-44.48l-22.24-22.24c-12.28-12.28-32.19-12.28-44.48 0L176 189.28 75.93 89.21c-12.28-12.28-32.19-12.28-44.48 0L9.21 111.45c-12.28 12.28-12.28 32.19 0 44.48L109.28 256 9.21 356.07c-12.28 12.28-12.28 32.19 0 44.48l22.24 22.24c12.28 12.28 32.2 12.28 44.48 0L176 322.72l100.07 100.07c12.28 12.28 32.2 12.28 44.48 0l22.24-22.24c12.28-12.28 12.28-32.19 0-44.48L242.72 256z\"><\/path><\/svg><\/span><\/div><div class=\"menu-footer-menu-container\"><div class=\"jet-nav m-layout-mobile jet-nav--vertical jet-nav--vertical-sub-right-side\"><div class=\"menu-item menu-item-type-post_type menu-item-object-page jet-nav__item-3192 jet-nav__item\"><a href=\"https:\/\/www.premiermauritiusholidays.com\/fr\/about-us\/\" class=\"menu-item-link menu-item-link-depth-0 menu-item-link-top\"><span class=\"jet-nav-link-text\">About Us<\/span><\/a><\/div>\n<div class=\"menu-item menu-item-type-post_type menu-item-object-page current_page_parent jet-nav__item-3660 jet-nav__item\"><a href=\"https:\/\/www.premiermauritiusholidays.com\/fr\/blog\/\" class=\"menu-item-link menu-item-link-depth-0 menu-item-link-top\"><span class=\"jet-nav-link-text\">Blog<\/span><\/a><\/div>\n<div class=\"menu-item menu-item-type-post_type menu-item-object-page jet-nav__item-3194 jet-nav__item\"><a href=\"https:\/\/www.premiermauritiusholidays.com\/fr\/mauritius-airport-transfer\/\" class=\"menu-item-link menu-item-link-depth-0 menu-item-link-top\"><span class=\"jet-nav-link-text\">Airport Transfer<\/span><\/a><\/div>\n<div class=\"menu-item menu-item-type-post_type menu-item-object-page jet-nav__item-3193 jet-nav__item\"><a href=\"https:\/\/www.premiermauritiusholidays.com\/fr\/car-rental\/\" class=\"menu-item-link menu-item-link-depth-0 menu-item-link-top\"><span class=\"jet-nav-link-text\">Car Rental<\/span><\/a><\/div>\n<div class=\"menu-item menu-item-type-post_type menu-item-object-page jet-nav__item-3195 jet-nav__item\"><a href=\"https:\/\/www.premiermauritiusholidays.com\/fr\/land-activities-mauritius\/\" class=\"menu-item-link menu-item-link-depth-0 menu-item-link-top\"><span class=\"jet-nav-link-text\">Land Activities<\/span><\/a><\/div>\n<div class=\"menu-item menu-item-type-post_type menu-item-object-page jet-nav__item-3196 jet-nav__item\"><a href=\"https:\/\/www.premiermauritiusholidays.com\/fr\/tours\/\" class=\"menu-item-link menu-item-link-depth-0 menu-item-link-top\"><span class=\"jet-nav-link-text\">Tours<\/span><\/a><\/div>\n<div class=\"menu-item menu-item-type-post_type menu-item-object-page jet-nav__item-3191 jet-nav__item\"><a href=\"https:\/\/www.premiermauritiusholidays.com\/fr\/about-mauritius\/\" class=\"menu-item-link menu-item-link-depth-0 menu-item-link-top\"><span class=\"jet-nav-link-text\">About Mauritius<\/span><\/a><\/div>\n<div class=\"menu-item menu-item-type-post_type menu-item-object-page jet-nav__item-3268 jet-nav__item\"><a href=\"https:\/\/www.premiermauritiusholidays.com\/fr\/contacts\/\" class=\"menu-item-link menu-item-link-depth-0 menu-item-link-top\"><span class=\"jet-nav-link-text\">Contacts<\/span><\/a><\/div>\n<\/div><\/div><\/nav>\t\t\t\t<\/div>\n\t\t\t\t<\/div>\n\t\t\t\t\t<\/div>\n\t\t<\/div>\n\t\t\t\t\t<\/div>\n\t\t<\/section>\n\t\t\t\t\t<\/div>\n\t\t<\/div>\n\t\t\t\t\t<\/div>\n\t\t<\/section>\n\t\t\t\t<\/div>\n\t\t","protected":false},"excerpt":{"rendered":"<p>Camel Ride Activities at Casela (West) About Camel Ride and Feeding Activities at Casela &gt; Dowloadable PDF &gt; View our private transport offer for excursions in Mauritius Camels are one of the most social and loving animals you will ever meet and you will be glad youspent a little part of your day in their [&hellip;]<\/p>\n","protected":false},"author":1,"featured_media":0,"parent":10,"menu_order":0,"comment_status":"closed","ping_status":"closed","template":"elementor_header_footer","meta":{"sfsi_plus_gutenberg_text_before_share":"","sfsi_plus_gutenberg_show_text_before_share":"","sfsi_plus_gutenberg_icon_type":"","sfsi_plus_gutenberg_icon_alignemt":"","sfsi_plus_gutenburg_max_per_row":"","footnotes":""},"class_list":["post-2635","page","type-page","status-publish","hentry"],"_links":{"self":[{"href":"https:\/\/www.premiermauritiusholidays.com\/fr\/wp-json\/wp\/v2\/pages\/2635","targetHints":{"allow":["GET"]}}],"collection":[{"href":"https:\/\/www.premiermauritiusholidays.com\/fr\/wp-json\/wp\/v2\/pages"}],"about":[{"href":"https:\/\/www.premiermauritiusholidays.com\/fr\/wp-json\/wp\/v2\/types\/page"}],"author":[{"embeddable":true,"href":"https:\/\/www.premiermauritiusholidays.com\/fr\/wp-json\/wp\/v2\/users\/1"}],"replies":[{"embeddable":true,"href":"https:\/\/www.premiermauritiusholidays.com\/fr\/wp-json\/wp\/v2\/comments?post=2635"}],"version-history":[{"count":16,"href":"https:\/\/www.premiermauritiusholidays.com\/fr\/wp-json\/wp\/v2\/pages\/2635\/revisions"}],"predecessor-version":[{"id":3953,"href":"https:\/\/www.premiermauritiusholidays.com\/fr\/wp-json\/wp\/v2\/pages\/2635\/revisions\/3953"}],"up":[{"embeddable":true,"href":"https:\/\/www.premiermauritiusholidays.com\/fr\/wp-json\/wp\/v2\/pages\/10"}],"wp:attachment":[{"href":"https:\/\/www.premiermauritiusholidays.com\/fr\/wp-json\/wp\/v2\/media?parent=2635"}],"curies":[{"name":"wp","href":"https:\/\/api.w.org\/{rel}","templated":true}]}}