{"id":2692,"date":"2024-01-09T16:49:29","date_gmt":"2024-01-09T16:49:29","guid":{"rendered":"https:\/\/www.premiermauritiusholidays.com\/new\/?page_id=2692"},"modified":"2026-01-28T19:16:33","modified_gmt":"2026-01-28T15:16:33","slug":"ebony-forest-discovery-chamarel","status":"publish","type":"page","link":"https:\/\/www.premiermauritiusholidays.com\/fr\/land-activities-mauritius\/ebony-forest-discovery-chamarel\/","title":{"rendered":"D\u00e9couverte de la for\u00eat d'\u00e9b\u00e8ne (Chamarel)"},"content":{"rendered":"\t\t<div data-elementor-type=\"wp-post\" data-elementor-id=\"2692\" class=\"elementor elementor-2692\">\n\t\t\t\t\t\t<section class=\"elementor-section elementor-top-section elementor-element elementor-element-e8bbf02 elementor-section-boxed elementor-section-height-default elementor-section-height-default\" data-id=\"e8bbf02\" data-element_type=\"section\" data-e-type=\"section\" data-settings=\"{&quot;jet_parallax_layout_list&quot;:[{&quot;jet_parallax_layout_image&quot;:{&quot;url&quot;:&quot;&quot;,&quot;id&quot;:&quot;&quot;,&quot;size&quot;:&quot;&quot;},&quot;_id&quot;:&quot;bd29a1e&quot;,&quot;jet_parallax_layout_image_tablet&quot;:{&quot;url&quot;:&quot;&quot;,&quot;id&quot;:&quot;&quot;,&quot;size&quot;:&quot;&quot;},&quot;jet_parallax_layout_image_mobile&quot;:{&quot;url&quot;:&quot;&quot;,&quot;id&quot;:&quot;&quot;,&quot;size&quot;:&quot;&quot;},&quot;jet_parallax_layout_speed&quot;:{&quot;unit&quot;:&quot;%&quot;,&quot;size&quot;:50,&quot;sizes&quot;:[]},&quot;jet_parallax_layout_type&quot;:&quot;scroll&quot;,&quot;jet_parallax_layout_direction&quot;:&quot;1&quot;,&quot;jet_parallax_layout_fx_direction&quot;:null,&quot;jet_parallax_layout_z_index&quot;:&quot;&quot;,&quot;jet_parallax_layout_bg_x&quot;:50,&quot;jet_parallax_layout_bg_x_tablet&quot;:&quot;&quot;,&quot;jet_parallax_layout_bg_x_mobile&quot;:&quot;&quot;,&quot;jet_parallax_layout_bg_y&quot;:50,&quot;jet_parallax_layout_bg_y_tablet&quot;:&quot;&quot;,&quot;jet_parallax_layout_bg_y_mobile&quot;:&quot;&quot;,&quot;jet_parallax_layout_bg_size&quot;:&quot;auto&quot;,&quot;jet_parallax_layout_bg_size_tablet&quot;:&quot;&quot;,&quot;jet_parallax_layout_bg_size_mobile&quot;:&quot;&quot;,&quot;jet_parallax_layout_animation_prop&quot;:&quot;transform&quot;,&quot;jet_parallax_layout_on&quot;:[&quot;desktop&quot;,&quot;tablet&quot;]}]}\">\n\t\t\t\t\t\t<div class=\"elementor-container elementor-column-gap-no\">\n\t\t\t\t\t<div class=\"elementor-column elementor-col-100 elementor-top-column elementor-element elementor-element-a7cad2e\" data-id=\"a7cad2e\" data-element_type=\"column\" data-e-type=\"column\">\n\t\t\t<div class=\"elementor-widget-wrap elementor-element-populated\">\n\t\t\t\t\t\t<div class=\"elementor-element elementor-element-8eca72a elementor-widget elementor-widget-jet-slider\" data-id=\"8eca72a\" data-element_type=\"widget\" data-e-type=\"widget\" data-settings=\"{&quot;slider_height&quot;:{&quot;unit&quot;:&quot;px&quot;,&quot;size&quot;:438,&quot;sizes&quot;:[]},&quot;slider_height_tablet&quot;:{&quot;unit&quot;:&quot;px&quot;,&quot;size&quot;:600,&quot;sizes&quot;:[]},&quot;slider_height_mobile&quot;:{&quot;unit&quot;:&quot;px&quot;,&quot;size&quot;:400,&quot;sizes&quot;:[]}}\" data-widget_type=\"jet-slider.default\">\n\t\t\t\t<div class=\"elementor-widget-container\">\n\t\t\t\t\t<div class=\"elementor-jet-slider jet-elements\">\n<div class=\"jet-slider jet-slider__image-exact\" data-settings='{&quot;sliderWidth&quot;:1,&quot;sliderHeight&quot;:1,&quot;sliderNavigation&quot;:false,&quot;sliderNavigationIcon&quot;:&quot;jet-slider__arrow-icon-8eca72a&quot;,&quot;sliderNaviOnHover&quot;:false,&quot;sliderPagination&quot;:false,&quot;sliderAutoplay&quot;:true,&quot;sliderAutoplayDelay&quot;:5000,&quot;sliderAutoplayOnHover&quot;:&quot;pause&quot;,&quot;sliderFullScreen&quot;:false,&quot;sliderFullscreenIcon&quot;:&quot;jet-slider__fullscreen-icon-8eca72a&quot;,&quot;sliderShuffle&quot;:false,&quot;sliderLoop&quot;:true,&quot;sliderFadeMode&quot;:true,&quot;slideDistance&quot;:1,&quot;slideDuration&quot;:500,&quot;imageScaleMode&quot;:&quot;exact&quot;,&quot;thumbnails&quot;:false,&quot;thumbnailWidth&quot;:120,&quot;thumbnailHeight&quot;:80,&quot;rightToLeft&quot;:false,&quot;touchswipe&quot;:true,&quot;fractionPag&quot;:false,&quot;fractionPrefix&quot;:&quot;&quot;,&quot;fractionSeparator&quot;:&quot;\\\/&quot;,&quot;fractionSuffix&quot;:&quot;&quot;,&quot;autoSliderHeight&quot;:false}'>\n\t\n<div  class=\"slider-pro\">\n\t<div class=\"jet-slider__arrow-icon-8eca72a hidden-html\"><\/div><div class=\"jet-slider__fullscreen-icon-8eca72a hidden-html\"><\/div>\t<div class=\"jet-slider__items sp-slides\">\n\n\n<div  class=\"jet-slider__item sp-slide elementor-repeater-item-91445d0\"><img decoding=\"async\" class=\"sp-image\" src=\"https:\/\/www.premiermauritiusholidays.com\/wp-content\/uploads\/2024\/01\/Ebony-Forest-Discovery-Chamarel.jpg\" alt=\"Ebony Forest Discovery (Chamarel)\" loading=\"lazy\"><div class=\"jet-slider__content sp-layer \" data-position=\"centerCenter\" data-width=\"100%\" data-height=\"100%\" data-horizontal=\"0%\" data-show-transition=\"up\" data-show-duration=\"400\" data-show-delay=\"400\" >\n\t\t<div class=\"jet-slider__content-item\">\n\t\t\t<div class=\"jet-slider__content-inner\"> \n\n\t\t\t\t\t\t<div class=\"jet-slider__button-wrapper\">\t\t\t\t\t\t<\/div><\/div>\n\t\t<\/div>\n\t\t\t<\/div>\n<\/div>\n\n<\/div>\n<\/div>\n<\/div>\n<\/div>\t\t\t\t<\/div>\n\t\t\t\t<\/div>\n\t\t\t\t\t<\/div>\n\t\t<\/div>\n\t\t\t\t\t<\/div>\n\t\t<\/section>\n\t\t\t\t<section class=\"elementor-section elementor-top-section elementor-element elementor-element-1734941 elementor-section-boxed elementor-section-height-default elementor-section-height-default\" data-id=\"1734941\" data-element_type=\"section\" data-e-type=\"section\" data-settings=\"{&quot;jet_parallax_layout_list&quot;:[{&quot;jet_parallax_layout_image&quot;:{&quot;url&quot;:&quot;&quot;,&quot;id&quot;:&quot;&quot;,&quot;size&quot;:&quot;&quot;},&quot;_id&quot;:&quot;b0b005b&quot;,&quot;jet_parallax_layout_image_tablet&quot;:{&quot;url&quot;:&quot;&quot;,&quot;id&quot;:&quot;&quot;,&quot;size&quot;:&quot;&quot;},&quot;jet_parallax_layout_image_mobile&quot;:{&quot;url&quot;:&quot;&quot;,&quot;id&quot;:&quot;&quot;,&quot;size&quot;:&quot;&quot;},&quot;jet_parallax_layout_speed&quot;:{&quot;unit&quot;:&quot;%&quot;,&quot;size&quot;:50,&quot;sizes&quot;:[]},&quot;jet_parallax_layout_type&quot;:&quot;scroll&quot;,&quot;jet_parallax_layout_direction&quot;:&quot;1&quot;,&quot;jet_parallax_layout_fx_direction&quot;:null,&quot;jet_parallax_layout_z_index&quot;:&quot;&quot;,&quot;jet_parallax_layout_bg_x&quot;:50,&quot;jet_parallax_layout_bg_x_tablet&quot;:&quot;&quot;,&quot;jet_parallax_layout_bg_x_mobile&quot;:&quot;&quot;,&quot;jet_parallax_layout_bg_y&quot;:50,&quot;jet_parallax_layout_bg_y_tablet&quot;:&quot;&quot;,&quot;jet_parallax_layout_bg_y_mobile&quot;:&quot;&quot;,&quot;jet_parallax_layout_bg_size&quot;:&quot;auto&quot;,&quot;jet_parallax_layout_bg_size_tablet&quot;:&quot;&quot;,&quot;jet_parallax_layout_bg_size_mobile&quot;:&quot;&quot;,&quot;jet_parallax_layout_animation_prop&quot;:&quot;transform&quot;,&quot;jet_parallax_layout_on&quot;:[&quot;desktop&quot;,&quot;tablet&quot;]}]}\">\n\t\t\t\t\t\t<div class=\"elementor-container elementor-column-gap-no\">\n\t\t\t\t\t<div class=\"elementor-column elementor-col-50 elementor-top-column elementor-element elementor-element-7e6fe18\" data-id=\"7e6fe18\" data-element_type=\"column\" data-e-type=\"column\" data-settings=\"{&quot;background_background&quot;:&quot;classic&quot;}\">\n\t\t\t<div class=\"elementor-widget-wrap elementor-element-populated\">\n\t\t\t\t\t\t<div class=\"elementor-element elementor-element-06578a4 elementor-widget elementor-widget-heading\" data-id=\"06578a4\" data-element_type=\"widget\" data-e-type=\"widget\" data-widget_type=\"heading.default\">\n\t\t\t\t<div class=\"elementor-widget-container\">\n\t\t\t\t\t<h1 class=\"elementor-heading-title elementor-size-default\">Ebony Forest Discovery (Chamarel)<\/h1>\t\t\t\t<\/div>\n\t\t\t\t<\/div>\n\t\t\t\t<div class=\"elementor-element elementor-element-54c2c5c elementor-widget elementor-widget-text-editor\" data-id=\"54c2c5c\" data-element_type=\"widget\" data-e-type=\"widget\" data-widget_type=\"text-editor.default\">\n\t\t\t\t<div class=\"elementor-widget-container\">\n\t\t\t\t\t\t\t\t\t<p>&gt; <a href=\"https:\/\/www.premiermauritiusholidays.com\/private-transport-excursions-mauritius\/\">View our private transport offer for excursions in Mauritius<\/a><\/p><p>Embark on a nature lovers\u2019 trip at the Ebony Forest. You will spend the day amidst the lush green nature the west coast has to offer. Stroll through the forest, discovering the beautiful nature and learn about the history of Mauritius at the museum. Choose between a hike or a jeep ride to discover the beauty of the place.<\/p><p>For hiking aficionados, the Take a Hike option would be the best one. This option allows you to visit the museum to learn about the rich fauna and flora history of the forest throughout the years. You will also get to watch a short film about the island\u2019s wildlife before taking a guided tour of the Ebony Forest where you can spot the beautiful ebony trees and take a walk on the Flycatcher raised walkways. Keep an eye out for endemic birds flying above you. The view when you reach the Sublime Point upon continuing your self-guided walks on the nature trails, will leave you breathless! The highlight of this option is undeniably the hike up to the summit of Piton Canot. This hike will take you 542 metres above sea level for an unobstructed view of the forest from above. Take this opportunity to breathe in the crisp fresh air and to fill your heart with peace and happiness.<\/p><p>If you would prefer a more relaxed day then the Take a Drive option is what you would want to choose. Before you hop on the jeep to begin your nature discovery in the wild, visit the museum and gain some insight on the fauna and flora of the forest and learn more about the wildlife of the island by watching a short educational film. You will then be cruising through the forest with stops at places of interest to take pictures and walk around to look for endemic birds and plants. This option also gives you access to a guided tour of the Ebony forest and the Flycatcher raised walkway which would take you to the Sublime Point for an incredible view of the scenery.<\/p><p>Additional Info about the Ebony Forest<\/p><p>Ebony Forest<\/p><p>While making your way through the forest, you will get to admire the native fauna of Mauritius, such as fruit bats, swiftlets and tropicbirds soaring high along the mountains\u2019 ridgeline. The two mid-canopy walkways through the Ebony Forest will give you the surreal sensation of floating through one of the best-preserved forests on the island. If you are a keen bird watcher, you will be able to spot the endemic birds that the Ebony Forest hosts, such as the Mauritius Paradise Flycatcher, Mauritian Black Bulbul and grey-white eyes.<\/p><p>The Sublime Point offers a breathtaking view of Le Morne Brabant and the surrounding bays where you can also see a lot of tropical birds, including the white-tailed tropicbird.<\/p><p>Museum<\/p><p>The Ebony Forest Museum is where you can witness 8 million years of the island\u2019s history, including the history of the unique animals and plants that inhabited Mauritius. The museum provides an overview from the volcanic eruption millions of years ago, to the flora &amp; fauna that inhabited our island including how man\u2019s actions have ultimately destroyed the island\u2019s unique environment.<br \/>You will also be able to see the effort made in order to restore the island\u2019s fragile habitats and how some habitats have been rebuilt.<\/p><p>Ebony Forest Trails<\/p><p>Ridgeline Trail<\/p><p>This trail runs along the mountain top. To the west, you will see Le Morne, a UNESCO World Heritage Site and \u00cele aux Benitiers, while to the east you will see the south-east coastline and the different plant restoration sites. From there, you can either walk down from Sublime Point, or up from the Flycatcher Raised Walkway. This is a relatively gentle trail of 1.1 km and is expected to take 30 minutes at average pace.<\/p><p>Piton Canot<\/p><p>This 400m trail is a continuation of the Ridgeline Trail and is accessible from Sublime Point. If you are feeling energetic, you can hike up to the peak of Piton Canot (542 m) where you will be rewarded by a 360-degree view. The trail ascends around 140 m, and will take a return trip of around 45 minutes. The hike up Piton Canot will provide you with breathtaking panoramic views of the south-west of Mauritius.<\/p><p>Routes<\/p><p>Visitor Centre to the Flycatcher Raised Walkway &#8211; 1.3 km<\/p><p>Flycatcher Raised Walkway to the Sublime Point &#8211; 1.3 km<\/p><p>Visitor Centre to Sublime Point &#8211; 2.4 km<\/p><p>Raised Walkways<\/p><p>Flycatcher Raised Walkway<\/p><p>A guide will accompany you on this mid-canopy walkway of 300 m through one of the bestpreserved ebony forests in Mauritius. You will encounter some of the rarest plants in Mauritius, see ebony trees and may meet the Mauritius Paradise Flycatcher and Mauritius Bulbul.<br \/>There are 14 guided tours per day, each 30 minutes in length. The first tour starts at 9:45 and the last one at 16:15. This walkway is at times 4m in height, so if you suffer from vertigo, please let the guide know beforehand.<\/p><p>Sublime Point Raised Walkway<\/p><p>This short-raised walkway of 90 m leads to Sublime Point where you can take in the stupendous views! Relax and admire the UNESCO World Heritage Site, Le Morne, to the south and the Moka range, with the distinctive Pieter Both Mountain to the north. Fruit bats, swiftlets and tropic birds soar along the ridgeline.<\/p><p>Note: You can access the raised walkway either from the Ridgeline Trail, Piton Canot Trail or at the safari jeep drop off point.<\/p><p>Safari Jeeps<\/p><p>Safari jeeps are available at Ebony Forest; the use of safari jeep is available only on pre-booking. There are four times at 09:30, 11:30, 13:30 and 15:30.<\/p><p>From the Flycatcher Raised Walkway, the next jeep will head towards the Sublime Point and back to the Visitor Centre.<\/p><p>Each jeep has a capacity of 9 visitors, so availability is not guaranteed. Walking through the Ebony forest is recommended for a more immersive experience.<\/p><p>Plant Nursery<\/p><p>Visit the native plant nursery, situated at the Visitor Centre, which is the only nursery in Mauritius dedicated to propagating only native and endemic species. It specialises in growing species from coastal to upland areas, including rare and threatened species.<\/p><p>Mauritius has one of the most threatened island floras, where almost 90% of its endemic plant species is at risk of extinction. The Nursery aids in conservation work to ensure that the island can maintain a high genetic diversity with strong and healthy plants, all whilst protecting the wildlife of the island. You will find a large variety of trees, shrubs, creepers, palms and ground cover plants here.<\/p><p>Facilities at The Ebony Forest<\/p><p>Visitor Centre<\/p><p>Boutique<\/p><p>Sublime Point Snack<\/p><p>Toilets<\/p><p>Native Plant Nursery<\/p><p>Ebony Museum<\/p><p>Private and Exclusivity option<\/p><p>Exclusive Ebony Forest Visit<\/p><p>You also have the option of booking a private Exclusive Visit where you will be able to enjoy the tour at ease.<\/p><p>Your visit will begin at the museum where you can witness 8 million years of the island\u2019s history, including the history of the unique animals and plants that inhabited Mauritius. You will also be able to see the effort made to restore the island\u2019s fragile habitats.<\/p><p>A private jeep ride will then bring you to the Flycatcher Raised Walkway where you will have a private guided tour. Here, you will learn more about the forest and the species that inhabit it and since this is a private tour, you can ask all the questions you have.<\/p><p>You will then head for the Sublime Point where you can take in the amazing views and some refreshments will be offered, including juice and some local snacks.<\/p><p>What to bring\/wear<br \/>Sun cream<br \/>Hats<br \/>Mosquito Repellent<br \/>Bottle of water<br \/>Walking shoes<\/p><p>Comments &amp; Notes<br \/>Activities\/ Facilities which are not included in your selected option are subject to an additional cost.<br \/>Maximum group size for \u201cTake a Drive\u201d option: 9 persons<br \/>Ebony Forest is closed on 25th Dec &amp; 01st Jan.<br \/>Children under 12 years must be accompanied by an adult at all times. Any child not accompanied will be refused access.<br \/>The Sanctuary shall not be responsible whatsoever, for any loss, damage and\/or theft of your personal belongings.<br \/>The hikes are graded as easy, based on international standards. Just let your guide know what pace you would like to go at.<br \/>Ebony Forest Reserve is a natural site and hence there are risks from falling branches and steep slopes. It also undergoes active forestry activities. Please pay attention.<\/p><p>Rules and Regulations<br \/>It is forbidden to bring any illegal substances, alcohol, firearms and\/or generally any other object which is likely to be offensive, dangerous and\/or is illegal.<br \/>It is forbidden to disturb or harass the animals and tranquillity of Ebony i.e, by musical instruments, audio equipment, screaming, shouting etc.<br \/>It is forbidden and a criminal offence to remove from Ebony, any animal, plant, part of the landscape and\/or any other structure and\/or to damage or deface any of the aforesaid.<br \/>It is forbidden for any visitors to picnic, climb stone walls or trees, or litter.<\/p><p>Chamarel, West Region<br \/>Operational Days: Everyday (except 25th Dec &amp; 01st Jan)<br \/>April \u2013 October (Winter)<br \/>09h00 \u2013 17h00<br \/>November \u2013 March (Summer)<br \/>09h00 \u2013 17h30<br \/>You are requested to descend from Sublime Point at or before 17h00, regardless of the season<br \/>The Sublime Point snack is operational from 09h30 to 16h00<\/p><p>Take a Hike<br \/>Activity Time: 09h30 &#8211; 16h00<br \/>Total Duration: 1 &#8211; 4 hours<br \/>Guided Flycatcher Raised Walkway Tour:<br \/>every 30 minutes<br \/>Last departure time to walk up Piton Canot:16h00<br \/>It is recommended to arrive latest at 14h30 to access all areas of the site<br \/>Take a Drive<br \/>Activity Time: 09h30 &#8211; 15h30<br \/>Total Duration: 2 hours<br \/>Jeep Tour Times: 09h30, 11h30, 13h30 &amp; 15h30<br \/>Guided Flycatcher Raised Walkway Tour: every 30 minutes<\/p>\t\t\t\t\t\t\t\t<\/div>\n\t\t\t\t<\/div>\n\t\t\t\t\t<\/div>\n\t\t<\/div>\n\t\t\t\t<div class=\"elementor-column elementor-col-50 elementor-top-column elementor-element elementor-element-a9940e3\" data-id=\"a9940e3\" data-element_type=\"column\" data-e-type=\"column\" data-settings=\"{&quot;background_background&quot;:&quot;classic&quot;}\">\n\t\t\t<div class=\"elementor-widget-wrap elementor-element-populated\">\n\t\t\t\t\t\t<section class=\"elementor-section elementor-inner-section elementor-element elementor-element-e0682c1 elementor-section-full_width elementor-section-height-default elementor-section-height-default\" data-id=\"e0682c1\" data-element_type=\"section\" data-e-type=\"section\" data-settings=\"{&quot;jet_parallax_layout_list&quot;:[{&quot;jet_parallax_layout_image&quot;:{&quot;url&quot;:&quot;&quot;,&quot;id&quot;:&quot;&quot;,&quot;size&quot;:&quot;&quot;},&quot;_id&quot;:&quot;b6ab971&quot;,&quot;jet_parallax_layout_image_tablet&quot;:{&quot;url&quot;:&quot;&quot;,&quot;id&quot;:&quot;&quot;,&quot;size&quot;:&quot;&quot;},&quot;jet_parallax_layout_image_mobile&quot;:{&quot;url&quot;:&quot;&quot;,&quot;id&quot;:&quot;&quot;,&quot;size&quot;:&quot;&quot;},&quot;jet_parallax_layout_speed&quot;:{&quot;unit&quot;:&quot;%&quot;,&quot;size&quot;:50,&quot;sizes&quot;:[]},&quot;jet_parallax_layout_type&quot;:&quot;scroll&quot;,&quot;jet_parallax_layout_direction&quot;:&quot;1&quot;,&quot;jet_parallax_layout_fx_direction&quot;:null,&quot;jet_parallax_layout_z_index&quot;:&quot;&quot;,&quot;jet_parallax_layout_bg_x&quot;:50,&quot;jet_parallax_layout_bg_x_tablet&quot;:&quot;&quot;,&quot;jet_parallax_layout_bg_x_mobile&quot;:&quot;&quot;,&quot;jet_parallax_layout_bg_y&quot;:50,&quot;jet_parallax_layout_bg_y_tablet&quot;:&quot;&quot;,&quot;jet_parallax_layout_bg_y_mobile&quot;:&quot;&quot;,&quot;jet_parallax_layout_bg_size&quot;:&quot;auto&quot;,&quot;jet_parallax_layout_bg_size_tablet&quot;:&quot;&quot;,&quot;jet_parallax_layout_bg_size_mobile&quot;:&quot;&quot;,&quot;jet_parallax_layout_animation_prop&quot;:&quot;transform&quot;,&quot;jet_parallax_layout_on&quot;:[&quot;desktop&quot;,&quot;tablet&quot;]}]}\">\n\t\t\t\t\t\t<div class=\"elementor-container elementor-column-gap-no\">\n\t\t\t\t\t<div class=\"elementor-column elementor-col-100 elementor-inner-column elementor-element elementor-element-3b32bc1\" data-id=\"3b32bc1\" data-element_type=\"column\" data-e-type=\"column\">\n\t\t\t<div class=\"elementor-widget-wrap elementor-element-populated\">\n\t\t\t\t\t\t<div class=\"elementor-element elementor-element-3bdfc7f jet-nav-align-flex-start elementor-widget elementor-widget-jet-nav-menu\" data-id=\"3bdfc7f\" data-element_type=\"widget\" data-e-type=\"widget\" data-widget_type=\"jet-nav-menu.default\">\n\t\t\t\t<div class=\"elementor-widget-container\">\n\t\t\t\t\t<nav class=\"jet-nav-wrap m-layout-mobile jet-mobile-menu jet-mobile-menu--default\" data-mobile-trigger-device=\"mobile\" data-mobile-layout=\"default\">\n<div class=\"jet-nav__mobile-trigger jet-nav-mobile-trigger-align-left\">\n\t<span class=\"jet-nav__mobile-trigger-open jet-blocks-icon\"><svg aria-hidden=\"true\" class=\"e-font-icon-svg e-fas-bars\" viewBox=\"0 0 448 512\" xmlns=\"http:\/\/www.w3.org\/2000\/svg\"><path d=\"M16 132h416c8.837 0 16-7.163 16-16V76c0-8.837-7.163-16-16-16H16C7.163 60 0 67.163 0 76v40c0 8.837 7.163 16 16 16zm0 160h416c8.837 0 16-7.163 16-16v-40c0-8.837-7.163-16-16-16H16c-8.837 0-16 7.163-16 16v40c0 8.837 7.163 16 16 16zm0 160h416c8.837 0 16-7.163 16-16v-40c0-8.837-7.163-16-16-16H16c-8.837 0-16 7.163-16 16v40c0 8.837 7.163 16 16 16z\"><\/path><\/svg><\/span>\t<span class=\"jet-nav__mobile-trigger-close jet-blocks-icon\"><svg aria-hidden=\"true\" class=\"e-font-icon-svg e-fas-times\" viewBox=\"0 0 352 512\" xmlns=\"http:\/\/www.w3.org\/2000\/svg\"><path d=\"M242.72 256l100.07-100.07c12.28-12.28 12.28-32.19 0-44.48l-22.24-22.24c-12.28-12.28-32.19-12.28-44.48 0L176 189.28 75.93 89.21c-12.28-12.28-32.19-12.28-44.48 0L9.21 111.45c-12.28 12.28-12.28 32.19 0 44.48L109.28 256 9.21 356.07c-12.28 12.28-12.28 32.19 0 44.48l22.24 22.24c12.28 12.28 32.2 12.28 44.48 0L176 322.72l100.07 100.07c12.28 12.28 32.2 12.28 44.48 0l22.24-22.24c12.28-12.28 12.28-32.19 0-44.48L242.72 256z\"><\/path><\/svg><\/span><\/div><div class=\"menu-footer-menu-container\"><div class=\"jet-nav m-layout-mobile jet-nav--vertical jet-nav--vertical-sub-right-side\"><div class=\"menu-item menu-item-type-post_type menu-item-object-page jet-nav__item-3192 jet-nav__item\"><a href=\"https:\/\/www.premiermauritiusholidays.com\/fr\/about-us\/\" class=\"menu-item-link menu-item-link-depth-0 menu-item-link-top\"><span class=\"jet-nav-link-text\">About Us<\/span><\/a><\/div>\n<div class=\"menu-item menu-item-type-post_type menu-item-object-page current_page_parent jet-nav__item-3660 jet-nav__item\"><a href=\"https:\/\/www.premiermauritiusholidays.com\/fr\/blog\/\" class=\"menu-item-link menu-item-link-depth-0 menu-item-link-top\"><span class=\"jet-nav-link-text\">Blog<\/span><\/a><\/div>\n<div class=\"menu-item menu-item-type-post_type menu-item-object-page jet-nav__item-3194 jet-nav__item\"><a href=\"https:\/\/www.premiermauritiusholidays.com\/fr\/mauritius-airport-transfer\/\" class=\"menu-item-link menu-item-link-depth-0 menu-item-link-top\"><span class=\"jet-nav-link-text\">Airport Transfer<\/span><\/a><\/div>\n<div class=\"menu-item menu-item-type-post_type menu-item-object-page jet-nav__item-3193 jet-nav__item\"><a href=\"https:\/\/www.premiermauritiusholidays.com\/fr\/car-rental\/\" class=\"menu-item-link menu-item-link-depth-0 menu-item-link-top\"><span class=\"jet-nav-link-text\">Car Rental<\/span><\/a><\/div>\n<div class=\"menu-item menu-item-type-post_type menu-item-object-page jet-nav__item-3195 jet-nav__item\"><a href=\"https:\/\/www.premiermauritiusholidays.com\/fr\/land-activities-mauritius\/\" class=\"menu-item-link menu-item-link-depth-0 menu-item-link-top\"><span class=\"jet-nav-link-text\">Land Activities<\/span><\/a><\/div>\n<div class=\"menu-item menu-item-type-post_type menu-item-object-page jet-nav__item-3196 jet-nav__item\"><a href=\"https:\/\/www.premiermauritiusholidays.com\/fr\/tours\/\" class=\"menu-item-link menu-item-link-depth-0 menu-item-link-top\"><span class=\"jet-nav-link-text\">Tours<\/span><\/a><\/div>\n<div class=\"menu-item menu-item-type-post_type menu-item-object-page jet-nav__item-3191 jet-nav__item\"><a href=\"https:\/\/www.premiermauritiusholidays.com\/fr\/about-mauritius\/\" class=\"menu-item-link menu-item-link-depth-0 menu-item-link-top\"><span class=\"jet-nav-link-text\">About Mauritius<\/span><\/a><\/div>\n<div class=\"menu-item menu-item-type-post_type menu-item-object-page jet-nav__item-3268 jet-nav__item\"><a href=\"https:\/\/www.premiermauritiusholidays.com\/fr\/contacts\/\" class=\"menu-item-link menu-item-link-depth-0 menu-item-link-top\"><span class=\"jet-nav-link-text\">Contacts<\/span><\/a><\/div>\n<\/div><\/div><\/nav>\t\t\t\t<\/div>\n\t\t\t\t<\/div>\n\t\t\t\t\t<\/div>\n\t\t<\/div>\n\t\t\t\t\t<\/div>\n\t\t<\/section>\n\t\t\t\t\t<\/div>\n\t\t<\/div>\n\t\t\t\t\t<\/div>\n\t\t<\/section>\n\t\t\t\t<\/div>\n\t\t","protected":false},"excerpt":{"rendered":"<p>Ebony Forest Discovery (Chamarel) &gt; View our private transport offer for excursions in Mauritius Embark on a nature lovers\u2019 trip at the Ebony Forest. You will spend the day amidst the lush green nature the west coast has to offer. Stroll through the forest, discovering the beautiful nature and learn about the history of Mauritius [&hellip;]<\/p>\n","protected":false},"author":1,"featured_media":0,"parent":10,"menu_order":0,"comment_status":"closed","ping_status":"closed","template":"elementor_header_footer","meta":{"sfsi_plus_gutenberg_text_before_share":"","sfsi_plus_gutenberg_show_text_before_share":"","sfsi_plus_gutenberg_icon_type":"","sfsi_plus_gutenberg_icon_alignemt":"","sfsi_plus_gutenburg_max_per_row":"","footnotes":""},"class_list":["post-2692","page","type-page","status-publish","hentry"],"_links":{"self":[{"href":"https:\/\/www.premiermauritiusholidays.com\/fr\/wp-json\/wp\/v2\/pages\/2692","targetHints":{"allow":["GET"]}}],"collection":[{"href":"https:\/\/www.premiermauritiusholidays.com\/fr\/wp-json\/wp\/v2\/pages"}],"about":[{"href":"https:\/\/www.premiermauritiusholidays.com\/fr\/wp-json\/wp\/v2\/types\/page"}],"author":[{"embeddable":true,"href":"https:\/\/www.premiermauritiusholidays.com\/fr\/wp-json\/wp\/v2\/users\/1"}],"replies":[{"embeddable":true,"href":"https:\/\/www.premiermauritiusholidays.com\/fr\/wp-json\/wp\/v2\/comments?post=2692"}],"version-history":[{"count":7,"href":"https:\/\/www.premiermauritiusholidays.com\/fr\/wp-json\/wp\/v2\/pages\/2692\/revisions"}],"predecessor-version":[{"id":3962,"href":"https:\/\/www.premiermauritiusholidays.com\/fr\/wp-json\/wp\/v2\/pages\/2692\/revisions\/3962"}],"up":[{"embeddable":true,"href":"https:\/\/www.premiermauritiusholidays.com\/fr\/wp-json\/wp\/v2\/pages\/10"}],"wp:attachment":[{"href":"https:\/\/www.premiermauritiusholidays.com\/fr\/wp-json\/wp\/v2\/media?parent=2692"}],"curies":[{"name":"wp","href":"https:\/\/api.w.org\/{rel}","templated":true}]}}