{"id":2917,"date":"2024-01-20T16:23:32","date_gmt":"2024-01-20T16:23:32","guid":{"rendered":"https:\/\/www.premiermauritiusholidays.com\/new\/?page_id=2917"},"modified":"2026-01-28T19:34:53","modified_gmt":"2026-01-28T15:34:53","slug":"rhumerie-de-chamarel-distillery","status":"publish","type":"page","link":"https:\/\/www.premiermauritiusholidays.com\/fr\/land-activities-mauritius\/rhumerie-de-chamarel-distillery\/","title":{"rendered":"Distillerie Rhumerie de Chamarel"},"content":{"rendered":"\t\t<div data-elementor-type=\"wp-post\" data-elementor-id=\"2917\" class=\"elementor elementor-2917\">\n\t\t\t\t\t\t<section class=\"elementor-section elementor-top-section elementor-element elementor-element-e8bbf02 elementor-section-boxed elementor-section-height-default elementor-section-height-default\" data-id=\"e8bbf02\" data-element_type=\"section\" data-e-type=\"section\" data-settings=\"{&quot;jet_parallax_layout_list&quot;:[{&quot;jet_parallax_layout_image&quot;:{&quot;url&quot;:&quot;&quot;,&quot;id&quot;:&quot;&quot;,&quot;size&quot;:&quot;&quot;},&quot;_id&quot;:&quot;bd29a1e&quot;,&quot;jet_parallax_layout_image_tablet&quot;:{&quot;url&quot;:&quot;&quot;,&quot;id&quot;:&quot;&quot;,&quot;size&quot;:&quot;&quot;},&quot;jet_parallax_layout_image_mobile&quot;:{&quot;url&quot;:&quot;&quot;,&quot;id&quot;:&quot;&quot;,&quot;size&quot;:&quot;&quot;},&quot;jet_parallax_layout_speed&quot;:{&quot;unit&quot;:&quot;%&quot;,&quot;size&quot;:50,&quot;sizes&quot;:[]},&quot;jet_parallax_layout_type&quot;:&quot;scroll&quot;,&quot;jet_parallax_layout_direction&quot;:&quot;1&quot;,&quot;jet_parallax_layout_fx_direction&quot;:null,&quot;jet_parallax_layout_z_index&quot;:&quot;&quot;,&quot;jet_parallax_layout_bg_x&quot;:50,&quot;jet_parallax_layout_bg_x_tablet&quot;:&quot;&quot;,&quot;jet_parallax_layout_bg_x_mobile&quot;:&quot;&quot;,&quot;jet_parallax_layout_bg_y&quot;:50,&quot;jet_parallax_layout_bg_y_tablet&quot;:&quot;&quot;,&quot;jet_parallax_layout_bg_y_mobile&quot;:&quot;&quot;,&quot;jet_parallax_layout_bg_size&quot;:&quot;auto&quot;,&quot;jet_parallax_layout_bg_size_tablet&quot;:&quot;&quot;,&quot;jet_parallax_layout_bg_size_mobile&quot;:&quot;&quot;,&quot;jet_parallax_layout_animation_prop&quot;:&quot;transform&quot;,&quot;jet_parallax_layout_on&quot;:[&quot;desktop&quot;,&quot;tablet&quot;]}]}\">\n\t\t\t\t\t\t<div class=\"elementor-container elementor-column-gap-no\">\n\t\t\t\t\t<div class=\"elementor-column elementor-col-100 elementor-top-column elementor-element elementor-element-a7cad2e\" data-id=\"a7cad2e\" data-element_type=\"column\" data-e-type=\"column\">\n\t\t\t<div class=\"elementor-widget-wrap elementor-element-populated\">\n\t\t\t\t\t\t<div class=\"elementor-element elementor-element-8eca72a elementor-widget elementor-widget-jet-slider\" data-id=\"8eca72a\" data-element_type=\"widget\" data-e-type=\"widget\" data-settings=\"{&quot;slider_height&quot;:{&quot;unit&quot;:&quot;px&quot;,&quot;size&quot;:438,&quot;sizes&quot;:[]},&quot;slider_height_tablet&quot;:{&quot;unit&quot;:&quot;px&quot;,&quot;size&quot;:600,&quot;sizes&quot;:[]},&quot;slider_height_mobile&quot;:{&quot;unit&quot;:&quot;px&quot;,&quot;size&quot;:400,&quot;sizes&quot;:[]}}\" data-widget_type=\"jet-slider.default\">\n\t\t\t\t<div class=\"elementor-widget-container\">\n\t\t\t\t\t<div class=\"elementor-jet-slider jet-elements\">\n<div class=\"jet-slider jet-slider__image-exact\" data-settings='{&quot;sliderWidth&quot;:1,&quot;sliderHeight&quot;:1,&quot;sliderNavigation&quot;:false,&quot;sliderNavigationIcon&quot;:&quot;jet-slider__arrow-icon-8eca72a&quot;,&quot;sliderNaviOnHover&quot;:false,&quot;sliderPagination&quot;:false,&quot;sliderAutoplay&quot;:true,&quot;sliderAutoplayDelay&quot;:5000,&quot;sliderAutoplayOnHover&quot;:&quot;pause&quot;,&quot;sliderFullScreen&quot;:false,&quot;sliderFullscreenIcon&quot;:&quot;jet-slider__fullscreen-icon-8eca72a&quot;,&quot;sliderShuffle&quot;:false,&quot;sliderLoop&quot;:true,&quot;sliderFadeMode&quot;:true,&quot;slideDistance&quot;:1,&quot;slideDuration&quot;:500,&quot;imageScaleMode&quot;:&quot;exact&quot;,&quot;thumbnails&quot;:false,&quot;thumbnailWidth&quot;:120,&quot;thumbnailHeight&quot;:80,&quot;rightToLeft&quot;:false,&quot;touchswipe&quot;:true,&quot;fractionPag&quot;:false,&quot;fractionPrefix&quot;:&quot;&quot;,&quot;fractionSeparator&quot;:&quot;\\\/&quot;,&quot;fractionSuffix&quot;:&quot;&quot;,&quot;autoSliderHeight&quot;:false}'>\n\t\n<div  class=\"slider-pro\">\n\t<div class=\"jet-slider__arrow-icon-8eca72a hidden-html\"><\/div><div class=\"jet-slider__fullscreen-icon-8eca72a hidden-html\"><\/div>\t<div class=\"jet-slider__items sp-slides\">\n\n\n<div  class=\"jet-slider__item sp-slide elementor-repeater-item-91445d0\"><img decoding=\"async\" class=\"sp-image\" src=\"https:\/\/www.premiermauritiusholidays.com\/wp-content\/uploads\/2023\/11\/rhumerie-chamarel.jpg\" alt=\"rhumerie-chamarel\" loading=\"lazy\"><div class=\"jet-slider__content sp-layer \" data-position=\"centerCenter\" data-width=\"100%\" data-height=\"100%\" data-horizontal=\"0%\" data-show-transition=\"up\" data-show-duration=\"400\" data-show-delay=\"400\" >\n\t\t<div class=\"jet-slider__content-item\">\n\t\t\t<div class=\"jet-slider__content-inner\"> \n\n\t\t\t\t\t\t<div class=\"jet-slider__button-wrapper\">\t\t\t\t\t\t<\/div><\/div>\n\t\t<\/div>\n\t\t\t<\/div>\n<\/div>\n\n<\/div>\n<\/div>\n<\/div>\n<\/div>\t\t\t\t<\/div>\n\t\t\t\t<\/div>\n\t\t\t\t\t<\/div>\n\t\t<\/div>\n\t\t\t\t\t<\/div>\n\t\t<\/section>\n\t\t\t\t<section class=\"elementor-section elementor-top-section elementor-element elementor-element-1734941 elementor-section-boxed elementor-section-height-default elementor-section-height-default\" data-id=\"1734941\" data-element_type=\"section\" data-e-type=\"section\" data-settings=\"{&quot;jet_parallax_layout_list&quot;:[{&quot;jet_parallax_layout_image&quot;:{&quot;url&quot;:&quot;&quot;,&quot;id&quot;:&quot;&quot;,&quot;size&quot;:&quot;&quot;},&quot;_id&quot;:&quot;b0b005b&quot;,&quot;jet_parallax_layout_image_tablet&quot;:{&quot;url&quot;:&quot;&quot;,&quot;id&quot;:&quot;&quot;,&quot;size&quot;:&quot;&quot;},&quot;jet_parallax_layout_image_mobile&quot;:{&quot;url&quot;:&quot;&quot;,&quot;id&quot;:&quot;&quot;,&quot;size&quot;:&quot;&quot;},&quot;jet_parallax_layout_speed&quot;:{&quot;unit&quot;:&quot;%&quot;,&quot;size&quot;:50,&quot;sizes&quot;:[]},&quot;jet_parallax_layout_type&quot;:&quot;scroll&quot;,&quot;jet_parallax_layout_direction&quot;:&quot;1&quot;,&quot;jet_parallax_layout_fx_direction&quot;:null,&quot;jet_parallax_layout_z_index&quot;:&quot;&quot;,&quot;jet_parallax_layout_bg_x&quot;:50,&quot;jet_parallax_layout_bg_x_tablet&quot;:&quot;&quot;,&quot;jet_parallax_layout_bg_x_mobile&quot;:&quot;&quot;,&quot;jet_parallax_layout_bg_y&quot;:50,&quot;jet_parallax_layout_bg_y_tablet&quot;:&quot;&quot;,&quot;jet_parallax_layout_bg_y_mobile&quot;:&quot;&quot;,&quot;jet_parallax_layout_bg_size&quot;:&quot;auto&quot;,&quot;jet_parallax_layout_bg_size_tablet&quot;:&quot;&quot;,&quot;jet_parallax_layout_bg_size_mobile&quot;:&quot;&quot;,&quot;jet_parallax_layout_animation_prop&quot;:&quot;transform&quot;,&quot;jet_parallax_layout_on&quot;:[&quot;desktop&quot;,&quot;tablet&quot;]}]}\">\n\t\t\t\t\t\t<div class=\"elementor-container elementor-column-gap-no\">\n\t\t\t\t\t<div class=\"elementor-column elementor-col-50 elementor-top-column elementor-element elementor-element-7e6fe18\" data-id=\"7e6fe18\" data-element_type=\"column\" data-e-type=\"column\" data-settings=\"{&quot;background_background&quot;:&quot;classic&quot;}\">\n\t\t\t<div class=\"elementor-widget-wrap elementor-element-populated\">\n\t\t\t\t\t\t<div class=\"elementor-element elementor-element-06578a4 elementor-widget elementor-widget-heading\" data-id=\"06578a4\" data-element_type=\"widget\" data-e-type=\"widget\" data-widget_type=\"heading.default\">\n\t\t\t\t<div class=\"elementor-widget-container\">\n\t\t\t\t\t<h1 class=\"elementor-heading-title elementor-size-default\">Rhumerie de Chamarel Distillery<\/h1>\t\t\t\t<\/div>\n\t\t\t\t<\/div>\n\t\t\t\t<div class=\"elementor-element elementor-element-54c2c5c elementor-widget elementor-widget-text-editor\" data-id=\"54c2c5c\" data-element_type=\"widget\" data-e-type=\"widget\" data-widget_type=\"text-editor.default\">\n\t\t\t\t<div class=\"elementor-widget-container\">\n\t\t\t\t\t\t\t\t\t<p>&gt; <a href=\"https:\/\/www.premiermauritiusholidays.com\/private-transport-excursions-mauritius\/\">View our private transport offer for excursions in Mauritius<\/a><\/p><p>About the Visit &amp; Tour of the Rhumerie de Chamarel Distillery<\/p><p>Rhumerie de Chamarel was designed to provide a holistic tourism experience to guests. As a visitor of the Rum Distillery you can marvel at its unique design which blends harmoniously with the spectacular surroundings where wood, natural stone and water provide a sense of communion with nature.<\/p><p>The standard package would get you to enjoy a visit of the distillery and rum tasting. Should you want to take this experience a notch up the culinary ladder, you can go for the optional lunch at the restaurant to feast on some local dishes made from the freshest ingredients.<\/p><p>Guided Tour of Rhumerie de Chamarel<\/p><p>Mauritius Attractions offers you to enjoy a visit to the Rhumerie de Chamarel and have a guided tour with one of the experienced guides who will take you behind the scenes to provide a detailed explanation of the rum making process while you visit the distillery.<\/p><p>As part of the tour of the Rum Distillery, you will discover the exclusive Rum making process where all the sugar cane plants are carefully selected and grown at the domain. At maturity, the sugarcane plants are carefully handpicked and rapidly transported for further selection in order to obtain the purest juice extracts. Their unique fermentation techniques ensure the finest aromas and enhance their specific flavors.<\/p><p>For your maximum convenience the Rhumerie de Chamarel distillery tour is done in either English or French at the duration of the tour is of about 30 to 40 minutes.<\/p><p>Rum tasting<\/p><p>One of the highlights of the distillery\u2019s guided tour is definitely the Rum tasting. At the end of the tour, unique rum tastings are offered where one can try the selection of the agricultural Rums produced by the distillery. As opposed to the traditional rum produced by the distillation of molasses, the agricultural rum is obtained by distilling pure cane juice, a process which gives it its specific aromas and flavors.<\/p><p>As part of the rum tasting you will be invited to sample a selection of rums such as the: White Rum, Coeur de Chauffe, Chamarel Liquors, Exotic- Flavoured Rums and the Old Rum.<\/p><p>About the Rum of Rhumerie de Chamarel<\/p><p>The highlight of the whole process for the rum making at Rhumerie de Chamarel is to ensure a High Quality \u201cEco-Friendly\u201d agricultural Rum. From the growing, harvest, fermentation and sophisticated distilling process, all is done so that the distillery can pride itself on the quality of its rum, achieved by distilling the fresh, fermented cane juice rather than that obtained from molasses.<\/p><p>Aligned with the concept of sustainable development, the distillery puts emphasis on its environmental efforts on recycling \u2013 \u2018nothing goes to waste\u2019 approach. Indeed, the bagasse, the fibrous residue remaining after juice extraction is collected and turned into energy, the industrial fumes are cleared before being released into the air, the ashes are spread in the fields to act as fertilizers and the steam retrieved from the process is used to water the gardens.<\/p><p>In addition to the visit of the Rum Distillery, you can also enjoy visiting<\/p><p>The Sugar Cane Spirit Shop &#8211; an opportunity to buy authentic and elegant products such as local Rum produced at the distillery, as well as typical Mauritian Crafts, jewels and exclusive line of clothes created by the Rhumerie.<\/p><p>Restaurant L\u2019Alchimiste &#8211; a unique cuisine, prepared with local products sourced from the estate itself. Surrounded by a tropical luxuriant flora, overlooking the plantations and mountains, here you can relish the perfect subtle cuisine with exotic delicacies such as palm heart or dishes featuring deer and wild pig, enhanced with fine wines imported from France and the main continents.<\/p><p>Food &amp; Beverages<\/p><p>L\u2019Alchimiste Restaurant &#8211; Lunch Menu<\/p><p>As part of this visit to the Rhumerie de Chamarel, we offer you to enjoy a delicious 3-course a la carte lunch and a unique dining experience at the beautiful L\u2019Alchimiste restaurant. L\u2019Alchimiste specializes in a unique cuisine, prepared with local products sourced from the estate itself.<\/p><p>Your lunch includes :<br \/>Chamarel Ti-Punch<br \/>Starter<br \/>Any main course and<br \/>Dessert<br \/>Coffee, \u00bd water<\/p><p>You can choose a starter, main course and dessert from the A la Carte menu detailed here below:<\/p><p>Starters (Choose 1)<br \/>Fresh Tuna Salad Mauritian Style<br \/>Grilled vegetables with pesto and balsamic sauce (v)<br \/>Main Courses (Choose 1)<br \/>Vegetables &#8211; Curry with pickles \/ Potato Gnocchi<br \/>Chicken and Shrimps &#8211; Curry with coconut milk, pickles and rice<br \/>Catch of the day &#8211; Fish fillet upon availability and leek creamy sauce<br \/>The Duck &#8211; Magret, orange sauce<\/p><p>Mixed Grilled &#8211; Beef, chicken, fish \/ Salad or French fries, cocktail sauce<br \/>Pork &#8211; Braised with Chamarel Rum, vegetables of the day<br \/>Beef &#8211; Steak, Salad or French fries, b\u00e9arnaise sauce<br \/>Desserts (Choose 1)<br \/>Tiramisu with coffee liqueur<br \/>Sagoo, coconut milk and vanilla ice cream<br \/>Cr\u00e8me Br\u00fbl\u00e9e and vanilla liqueur<br \/>Chamarel Gold Rum Baba<br \/>Chocolat Entremet<br \/>Alchimiste\u2019 Moelleux with spiced rum vanilla ice cream (20 mins)<br \/>Caf\u00e9 gourmand<br \/>Drinks<br \/>Coffee and \u00bd water<br \/>Child Menu<br \/>Main Courses (Choose 1)<br \/>Saut\u00e9ed Chicken \/ French fries or salad<br \/>Grilled Fish \/ French fries or salad<br \/>Mini Steak \/ French fries or salad<br \/>Spaghetti, Tomato sauce, Butter, Cream<br \/>Dessert<br \/>1 scoop of ice cream<br \/>Note:The menu is subject to change without prior notification<br \/>Lobster is available for a supplement and upon request<\/p><p>Comments &amp; Notes<br \/>Children (up to 12 years old) have to be accompanied by their parents and rum tasting is not included.<br \/>Start &amp; End times: 09:00 &#8211; 16:30<br \/>The visit will be for approximately for 1 hour, the guided tour last for approximately 30-40 minutes<br \/>The tour is offered every day except Sunday.<\/p>\t\t\t\t\t\t\t\t<\/div>\n\t\t\t\t<\/div>\n\t\t\t\t\t<\/div>\n\t\t<\/div>\n\t\t\t\t<div class=\"elementor-column elementor-col-50 elementor-top-column elementor-element elementor-element-a9940e3\" data-id=\"a9940e3\" data-element_type=\"column\" data-e-type=\"column\" data-settings=\"{&quot;background_background&quot;:&quot;classic&quot;}\">\n\t\t\t<div class=\"elementor-widget-wrap elementor-element-populated\">\n\t\t\t\t\t\t<section class=\"elementor-section elementor-inner-section elementor-element elementor-element-e0682c1 elementor-section-full_width elementor-section-height-default elementor-section-height-default\" data-id=\"e0682c1\" data-element_type=\"section\" data-e-type=\"section\" data-settings=\"{&quot;jet_parallax_layout_list&quot;:[{&quot;jet_parallax_layout_image&quot;:{&quot;url&quot;:&quot;&quot;,&quot;id&quot;:&quot;&quot;,&quot;size&quot;:&quot;&quot;},&quot;_id&quot;:&quot;b6ab971&quot;,&quot;jet_parallax_layout_image_tablet&quot;:{&quot;url&quot;:&quot;&quot;,&quot;id&quot;:&quot;&quot;,&quot;size&quot;:&quot;&quot;},&quot;jet_parallax_layout_image_mobile&quot;:{&quot;url&quot;:&quot;&quot;,&quot;id&quot;:&quot;&quot;,&quot;size&quot;:&quot;&quot;},&quot;jet_parallax_layout_speed&quot;:{&quot;unit&quot;:&quot;%&quot;,&quot;size&quot;:50,&quot;sizes&quot;:[]},&quot;jet_parallax_layout_type&quot;:&quot;scroll&quot;,&quot;jet_parallax_layout_direction&quot;:&quot;1&quot;,&quot;jet_parallax_layout_fx_direction&quot;:null,&quot;jet_parallax_layout_z_index&quot;:&quot;&quot;,&quot;jet_parallax_layout_bg_x&quot;:50,&quot;jet_parallax_layout_bg_x_tablet&quot;:&quot;&quot;,&quot;jet_parallax_layout_bg_x_mobile&quot;:&quot;&quot;,&quot;jet_parallax_layout_bg_y&quot;:50,&quot;jet_parallax_layout_bg_y_tablet&quot;:&quot;&quot;,&quot;jet_parallax_layout_bg_y_mobile&quot;:&quot;&quot;,&quot;jet_parallax_layout_bg_size&quot;:&quot;auto&quot;,&quot;jet_parallax_layout_bg_size_tablet&quot;:&quot;&quot;,&quot;jet_parallax_layout_bg_size_mobile&quot;:&quot;&quot;,&quot;jet_parallax_layout_animation_prop&quot;:&quot;transform&quot;,&quot;jet_parallax_layout_on&quot;:[&quot;desktop&quot;,&quot;tablet&quot;]}]}\">\n\t\t\t\t\t\t<div class=\"elementor-container elementor-column-gap-no\">\n\t\t\t\t\t<div class=\"elementor-column elementor-col-100 elementor-inner-column elementor-element elementor-element-3b32bc1\" data-id=\"3b32bc1\" data-element_type=\"column\" data-e-type=\"column\">\n\t\t\t<div class=\"elementor-widget-wrap elementor-element-populated\">\n\t\t\t\t\t\t<div class=\"elementor-element elementor-element-3bdfc7f jet-nav-align-flex-start elementor-widget elementor-widget-jet-nav-menu\" data-id=\"3bdfc7f\" data-element_type=\"widget\" data-e-type=\"widget\" data-widget_type=\"jet-nav-menu.default\">\n\t\t\t\t<div class=\"elementor-widget-container\">\n\t\t\t\t\t<nav class=\"jet-nav-wrap m-layout-mobile jet-mobile-menu jet-mobile-menu--default\" data-mobile-trigger-device=\"mobile\" data-mobile-layout=\"default\">\n<div class=\"jet-nav__mobile-trigger jet-nav-mobile-trigger-align-left\">\n\t<span class=\"jet-nav__mobile-trigger-open jet-blocks-icon\"><svg aria-hidden=\"true\" class=\"e-font-icon-svg e-fas-bars\" viewBox=\"0 0 448 512\" xmlns=\"http:\/\/www.w3.org\/2000\/svg\"><path d=\"M16 132h416c8.837 0 16-7.163 16-16V76c0-8.837-7.163-16-16-16H16C7.163 60 0 67.163 0 76v40c0 8.837 7.163 16 16 16zm0 160h416c8.837 0 16-7.163 16-16v-40c0-8.837-7.163-16-16-16H16c-8.837 0-16 7.163-16 16v40c0 8.837 7.163 16 16 16zm0 160h416c8.837 0 16-7.163 16-16v-40c0-8.837-7.163-16-16-16H16c-8.837 0-16 7.163-16 16v40c0 8.837 7.163 16 16 16z\"><\/path><\/svg><\/span>\t<span class=\"jet-nav__mobile-trigger-close jet-blocks-icon\"><svg aria-hidden=\"true\" class=\"e-font-icon-svg e-fas-times\" viewBox=\"0 0 352 512\" xmlns=\"http:\/\/www.w3.org\/2000\/svg\"><path d=\"M242.72 256l100.07-100.07c12.28-12.28 12.28-32.19 0-44.48l-22.24-22.24c-12.28-12.28-32.19-12.28-44.48 0L176 189.28 75.93 89.21c-12.28-12.28-32.19-12.28-44.48 0L9.21 111.45c-12.28 12.28-12.28 32.19 0 44.48L109.28 256 9.21 356.07c-12.28 12.28-12.28 32.19 0 44.48l22.24 22.24c12.28 12.28 32.2 12.28 44.48 0L176 322.72l100.07 100.07c12.28 12.28 32.2 12.28 44.48 0l22.24-22.24c12.28-12.28 12.28-32.19 0-44.48L242.72 256z\"><\/path><\/svg><\/span><\/div><div class=\"menu-footer-menu-container\"><div class=\"jet-nav m-layout-mobile jet-nav--vertical jet-nav--vertical-sub-right-side\"><div class=\"menu-item menu-item-type-post_type menu-item-object-page jet-nav__item-3192 jet-nav__item\"><a href=\"https:\/\/www.premiermauritiusholidays.com\/fr\/about-us\/\" class=\"menu-item-link menu-item-link-depth-0 menu-item-link-top\"><span class=\"jet-nav-link-text\">About Us<\/span><\/a><\/div>\n<div class=\"menu-item menu-item-type-post_type menu-item-object-page current_page_parent jet-nav__item-3660 jet-nav__item\"><a href=\"https:\/\/www.premiermauritiusholidays.com\/fr\/blog\/\" class=\"menu-item-link menu-item-link-depth-0 menu-item-link-top\"><span class=\"jet-nav-link-text\">Blog<\/span><\/a><\/div>\n<div class=\"menu-item menu-item-type-post_type menu-item-object-page jet-nav__item-3194 jet-nav__item\"><a href=\"https:\/\/www.premiermauritiusholidays.com\/fr\/mauritius-airport-transfer\/\" class=\"menu-item-link menu-item-link-depth-0 menu-item-link-top\"><span class=\"jet-nav-link-text\">Airport Transfer<\/span><\/a><\/div>\n<div class=\"menu-item menu-item-type-post_type menu-item-object-page jet-nav__item-3193 jet-nav__item\"><a href=\"https:\/\/www.premiermauritiusholidays.com\/fr\/car-rental\/\" class=\"menu-item-link menu-item-link-depth-0 menu-item-link-top\"><span class=\"jet-nav-link-text\">Car Rental<\/span><\/a><\/div>\n<div class=\"menu-item menu-item-type-post_type menu-item-object-page jet-nav__item-3195 jet-nav__item\"><a href=\"https:\/\/www.premiermauritiusholidays.com\/fr\/land-activities-mauritius\/\" class=\"menu-item-link menu-item-link-depth-0 menu-item-link-top\"><span class=\"jet-nav-link-text\">Land Activities<\/span><\/a><\/div>\n<div class=\"menu-item menu-item-type-post_type menu-item-object-page jet-nav__item-3196 jet-nav__item\"><a href=\"https:\/\/www.premiermauritiusholidays.com\/fr\/tours\/\" class=\"menu-item-link menu-item-link-depth-0 menu-item-link-top\"><span class=\"jet-nav-link-text\">Tours<\/span><\/a><\/div>\n<div class=\"menu-item menu-item-type-post_type menu-item-object-page jet-nav__item-3191 jet-nav__item\"><a href=\"https:\/\/www.premiermauritiusholidays.com\/fr\/about-mauritius\/\" class=\"menu-item-link menu-item-link-depth-0 menu-item-link-top\"><span class=\"jet-nav-link-text\">About Mauritius<\/span><\/a><\/div>\n<div class=\"menu-item menu-item-type-post_type menu-item-object-page jet-nav__item-3268 jet-nav__item\"><a href=\"https:\/\/www.premiermauritiusholidays.com\/fr\/contacts\/\" class=\"menu-item-link menu-item-link-depth-0 menu-item-link-top\"><span class=\"jet-nav-link-text\">Contacts<\/span><\/a><\/div>\n<\/div><\/div><\/nav>\t\t\t\t<\/div>\n\t\t\t\t<\/div>\n\t\t\t\t\t<\/div>\n\t\t<\/div>\n\t\t\t\t\t<\/div>\n\t\t<\/section>\n\t\t\t\t\t<\/div>\n\t\t<\/div>\n\t\t\t\t\t<\/div>\n\t\t<\/section>\n\t\t\t\t<\/div>\n\t\t","protected":false},"excerpt":{"rendered":"<p>Rhumerie de Chamarel Distillery &gt; View our private transport offer for excursions in Mauritius About the Visit &amp; Tour of the Rhumerie de Chamarel Distillery Rhumerie de Chamarel was designed to provide a holistic tourism experience to guests. As a visitor of the Rum Distillery you can marvel at its unique design which blends harmoniously [&hellip;]<\/p>\n","protected":false},"author":1,"featured_media":0,"parent":10,"menu_order":0,"comment_status":"closed","ping_status":"closed","template":"elementor_header_footer","meta":{"sfsi_plus_gutenberg_text_before_share":"","sfsi_plus_gutenberg_show_text_before_share":"","sfsi_plus_gutenberg_icon_type":"","sfsi_plus_gutenberg_icon_alignemt":"","sfsi_plus_gutenburg_max_per_row":"","footnotes":""},"class_list":["post-2917","page","type-page","status-publish","hentry"],"_links":{"self":[{"href":"https:\/\/www.premiermauritiusholidays.com\/fr\/wp-json\/wp\/v2\/pages\/2917","targetHints":{"allow":["GET"]}}],"collection":[{"href":"https:\/\/www.premiermauritiusholidays.com\/fr\/wp-json\/wp\/v2\/pages"}],"about":[{"href":"https:\/\/www.premiermauritiusholidays.com\/fr\/wp-json\/wp\/v2\/types\/page"}],"author":[{"embeddable":true,"href":"https:\/\/www.premiermauritiusholidays.com\/fr\/wp-json\/wp\/v2\/users\/1"}],"replies":[{"embeddable":true,"href":"https:\/\/www.premiermauritiusholidays.com\/fr\/wp-json\/wp\/v2\/comments?post=2917"}],"version-history":[{"count":7,"href":"https:\/\/www.premiermauritiusholidays.com\/fr\/wp-json\/wp\/v2\/pages\/2917\/revisions"}],"predecessor-version":[{"id":4004,"href":"https:\/\/www.premiermauritiusholidays.com\/fr\/wp-json\/wp\/v2\/pages\/2917\/revisions\/4004"}],"up":[{"embeddable":true,"href":"https:\/\/www.premiermauritiusholidays.com\/fr\/wp-json\/wp\/v2\/pages\/10"}],"wp:attachment":[{"href":"https:\/\/www.premiermauritiusholidays.com\/fr\/wp-json\/wp\/v2\/media?parent=2917"}],"curies":[{"name":"wp","href":"https:\/\/api.w.org\/{rel}","templated":true}]}}